{"id":1417,"date":"2019-10-01T14:21:58","date_gmt":"2019-10-01T20:21:58","guid":{"rendered":"https:\/\/www.festerroma.com.mx\/tienda\/product\/import-placeholder-for-648\/"},"modified":"2025-10-01T02:27:43","modified_gmt":"2025-10-01T08:27:43","slug":"fester-cr-65","status":"publish","type":"product","link":"https:\/\/www.festerroma.com.mx\/tienda\/fester-cr-65\/","title":{"rendered":"FESTER CR 65 G"},"content":{"rendered":"<div class=\"product__descriptionText\">\n<div class=\"product__descriptionText\">\n<h2><a href=\"https:\/\/dm.henkel-dam.com\/is\/content\/henkel\/Fester-CR-65-fester-mx\" target=\"_blank\" rel=\"noopener\">FESTER CR 65<\/a><\/h2>\n<p>Compuesto en polvo, base cemento, arenas s\u00edlicas seleccionadas de fina granulometr\u00eda y aditivos especiales basados en la nanotecnolog\u00eda.<\/p>\n<p>Gracias a su formulaci\u00f3n, se genera una reacci\u00f3n qu\u00edmica que da lugar a una soluci\u00f3n integral y permanente de impermeabilizaci\u00f3n de elementos de concreto con problemas de filtraci\u00f3n de agua.<\/p>\n<p><b>USOS<\/b><\/p>\n<ul>\n<li>Para impermeabilizar cisternas, piletas, tanques, plantas de tratamiento, muelles, presas y estructuras de concreto en las que se tendr\u00e1 contacto con agua.<\/li>\n<li>Soluci\u00f3n correctiva contra el ataque del salitre y corrosi\u00f3n del concreto.<\/li>\n<\/ul>\n<p><b>VENTAJAS<\/b><\/p>\n<ul>\n<li>Puede ser usada como una soluci\u00f3n de recubrimiento impermeable para concretos endurecidos nuevos, o con problemas severos de filtraci\u00f3n.<\/li>\n<\/ul>\n<p><a href=\"https:\/\/www.festerroma.com.mx\/tienda\/?s=cr+65&amp;post_type=product\" target=\"_blank\" rel=\"noopener\"><b>PRESENTACI\u00d3N<\/b><\/a><\/p>\n<ul>\n<li>Cubeta 24 kg<\/li>\n<\/ul>\n<p><b>COLOR<\/b><\/p>\n<ul>\n<li>Gris<\/li>\n<\/ul>\n<\/div>\n<div class=\"product__benefits\">\n<p id=\"beneficios-1\" class=\"product__benefitsTitle\" tabindex=\"-1\"><strong>BENEFICIOS DEL FESTER CR 65<\/strong><\/p>\n<div class=\"product__benefitsList\">\n<ul>\n<li>Forma parte permanente del concreto.<\/li>\n<li>F\u00f3rmula reforzada con activos hidrorepelentes.<\/li>\n<li>Excelente impermeabilidad al agua a\u00fan en condiciones severas de presi\u00f3n hidrost\u00e1tica.<\/li>\n<li>Los NANOA-CTIVOS penetran (hasta 30 cm) a trav\u00e9s de los poros y capilares del concreto.<\/li>\n<li>Aumenta la resistencia final a la compresi\u00f3n en un 5 %<\/li>\n<\/ul>\n<\/div>\n<\/div>\n<\/div>\n","protected":false},"excerpt":{"rendered":"<p>FESTER CR 65 es un Impermeabilizante cementoso para el salitre y la humedad Compuesto base cemento en polvo.<\/p>\n","protected":false},"featured_media":665,"comment_status":"open","ping_status":"closed","template":"","meta":{"_joinchat":[]},"product_brand":[],"product_cat":[68,65],"product_tag":[511,496],"class_list":{"0":"post-1417","1":"product","2":"type-product","3":"status-publish","4":"has-post-thumbnail","6":"product_cat-cementosos","7":"product_cat-impermeabilizantes","8":"product_tag-25-kg","9":"product_tag-saco","11":"first","12":"instock","13":"taxable","14":"shipping-taxable","15":"purchasable","16":"product-type-simple"},"_links":{"self":[{"href":"https:\/\/www.festerroma.com.mx\/tienda\/wp-json\/wp\/v2\/product\/1417","targetHints":{"allow":["GET"]}}],"collection":[{"href":"https:\/\/www.festerroma.com.mx\/tienda\/wp-json\/wp\/v2\/product"}],"about":[{"href":"https:\/\/www.festerroma.com.mx\/tienda\/wp-json\/wp\/v2\/types\/product"}],"replies":[{"embeddable":true,"href":"https:\/\/www.festerroma.com.mx\/tienda\/wp-json\/wp\/v2\/comments?post=1417"}],"wp:featuredmedia":[{"embeddable":true,"href":"https:\/\/www.festerroma.com.mx\/tienda\/wp-json\/wp\/v2\/media\/665"}],"wp:attachment":[{"href":"https:\/\/www.festerroma.com.mx\/tienda\/wp-json\/wp\/v2\/media?parent=1417"}],"wp:term":[{"taxonomy":"product_brand","embeddable":true,"href":"https:\/\/www.festerroma.com.mx\/tienda\/wp-json\/wp\/v2\/product_brand?post=1417"},{"taxonomy":"product_cat","embeddable":true,"href":"https:\/\/www.festerroma.com.mx\/tienda\/wp-json\/wp\/v2\/product_cat?post=1417"},{"taxonomy":"product_tag","embeddable":true,"href":"https:\/\/www.festerroma.com.mx\/tienda\/wp-json\/wp\/v2\/product_tag?post=1417"}],"curies":[{"name":"wp","href":"https:\/\/api.w.org\/{rel}","templated":true}]}}