{"id":1422,"date":"2019-10-01T14:22:00","date_gmt":"2019-10-01T20:22:00","guid":{"rendered":"https:\/\/www.festerroma.com.mx\/tienda\/product\/import-placeholder-for-653\/"},"modified":"2026-02-09T19:38:12","modified_gmt":"2026-02-10T01:38:12","slug":"fester-cr-nanotech-admix","status":"publish","type":"product","link":"https:\/\/www.festerroma.com.mx\/tienda\/fester-cr-nanotech-admix\/","title":{"rendered":"FESTER CR-NANOTECH ADMIX"},"content":{"rendered":"<div class=\"product__descriptionText\">\n<p>Impermeabilizante a base de compuesto met\u00e1lico en polvo, de granulometr\u00eda controlada y un agente promotor de oxidaci\u00f3n. Se aplica en forma de lechada en combinaci\u00f3n con cemento y agua.<\/p>\n<p>\u00a0<\/p>\n<p><b>USOS<\/b><\/p>\n<p>Para impermeabilizar: superficies horizontales, verticales e inclinadas de concreto y mamposter\u00eda.<\/p>\n<p>\u00a0<\/p>\n<p><b>RENDIMIENTO<\/b><\/p>\n<ul>\n<li>Para concreto y tabique: a 3 manos 2 kg\/m\u00b2 \/\/ a 5 manos 3 kg\/m\u00b2<\/li>\n<li>Para mamposter\u00eda: Por cada 50 kg. de cemento 5kg de Ferrofest I (solo en tratamiento impermeable)<\/li>\n<li>Para lechada de liga entre concreto nuevo y viejo: 2 kg\/m\u00b2<\/li>\n<\/ul>\n<p>\u00a0<\/p>\n<p><b>VENTAJAS<\/b><\/p>\n<ul>\n<li>Elimina la aparici\u00f3n de salitre.<\/li>\n<li>Puede aplicarse en interiores y exteriores.<\/li>\n<li>Adhiere sobre superficies con humedad.<\/li>\n<\/ul>\n<p>\u00a0<\/p>\n<p><b>PRESENTACI\u00d3N<\/b><\/p>\n<ul>\n<li>Saco 10kg<\/li>\n<li>Saco 30kg<\/li>\n<\/ul>\n<\/div>\n<div class=\"product__benefits\">\n<p tabindex=\"-1\">\u00a0<\/p>\n<p id=\"beneficios-1\" class=\"product__benefitsTitle\" tabindex=\"-1\"><strong>BENEFICIOS<\/strong><\/p>\n<div class=\"product__benefitsList\">\n<ul>\n<li>Superficies horizontales, verticales e inclinadas de concreto y mamposter\u00eda.<\/li>\n<li>Estructuras bajo tierra o inmersi\u00f3n constante.<\/li>\n<li>Como tratamiento preventivo y correctivo contra manchas provocadas por salitre.<\/li>\n<\/ul>\n<\/div>\n<\/div>\n","protected":false},"excerpt":{"rendered":"<p>Impermeabilizante cementoso<\/p>\n","protected":false},"featured_media":2017,"comment_status":"open","ping_status":"closed","template":"","meta":{"_joinchat":[]},"product_brand":[],"product_cat":[68,65],"product_tag":[512,505],"class_list":{"0":"post-1422","1":"product","2":"type-product","3":"status-publish","4":"has-post-thumbnail","6":"product_cat-cementosos","7":"product_cat-impermeabilizantes","8":"product_tag-20-kg","9":"product_tag-cubeta","11":"first","12":"instock","13":"taxable","14":"shipping-taxable","15":"purchasable","16":"product-type-simple"},"_links":{"self":[{"href":"https:\/\/www.festerroma.com.mx\/tienda\/wp-json\/wp\/v2\/product\/1422","targetHints":{"allow":["GET"]}}],"collection":[{"href":"https:\/\/www.festerroma.com.mx\/tienda\/wp-json\/wp\/v2\/product"}],"about":[{"href":"https:\/\/www.festerroma.com.mx\/tienda\/wp-json\/wp\/v2\/types\/product"}],"replies":[{"embeddable":true,"href":"https:\/\/www.festerroma.com.mx\/tienda\/wp-json\/wp\/v2\/comments?post=1422"}],"wp:featuredmedia":[{"embeddable":true,"href":"https:\/\/www.festerroma.com.mx\/tienda\/wp-json\/wp\/v2\/media\/2017"}],"wp:attachment":[{"href":"https:\/\/www.festerroma.com.mx\/tienda\/wp-json\/wp\/v2\/media?parent=1422"}],"wp:term":[{"taxonomy":"product_brand","embeddable":true,"href":"https:\/\/www.festerroma.com.mx\/tienda\/wp-json\/wp\/v2\/product_brand?post=1422"},{"taxonomy":"product_cat","embeddable":true,"href":"https:\/\/www.festerroma.com.mx\/tienda\/wp-json\/wp\/v2\/product_cat?post=1422"},{"taxonomy":"product_tag","embeddable":true,"href":"https:\/\/www.festerroma.com.mx\/tienda\/wp-json\/wp\/v2\/product_tag?post=1422"}],"curies":[{"name":"wp","href":"https:\/\/api.w.org\/{rel}","templated":true}]}}