{"id":1460,"date":"2019-10-01T14:22:43","date_gmt":"2019-10-01T20:22:43","guid":{"rendered":"https:\/\/www.festerroma.com.mx\/tienda\/product\/import-placeholder-for-713\/"},"modified":"2026-02-09T19:38:08","modified_gmt":"2026-02-10T01:38:08","slug":"fester-drenante","status":"publish","type":"product","link":"https:\/\/www.festerroma.com.mx\/tienda\/fester-drenante\/","title":{"rendered":"FESTER DRENANTE"},"content":{"rendered":"<div class=\"product__descriptionText\">\n<p>Laminado de polietileno de alta densidad, que da lugar a un pl\u00e1stico semi-r\u00edgido derivado de una mezcla de productos v\u00edrgenes y reciclados. El laminado es extruido y moldeado de tal modo que conforma hoyuelos con profundidad aprox. de 7 mm, conformando una cara plana y la otra con salientes para generar espacios de aire entre el sistema impermeable y el sistema de drenes.<\/p>\n<p>\u00a0<\/p>\n<p><b>NORMA<\/b><\/p>\n<ul>\n<li>NA<\/li>\n<\/ul>\n<p>\u00a0<\/p>\n<p><b>PRESENTACI\u00d3N<\/b><\/p>\n<ul>\n<li>Rollo de 20 m x 2.44 m<\/li>\n<\/ul>\n<p>\u00a0<\/p>\n<p><b>USOS<\/b><\/p>\n<ul>\n<li>Es parte del sistema Fester Garden para la naturaci\u00f3n de azoteas verdes, consultar la hoja t\u00e9cnica.<\/li>\n<li>Es una de las opciones para el sistema Fester Imper-Dren como dren en las cimentaciones y muros que quedar\u00e1n enterrados, consultar la hoja t\u00e9cnica.<\/li>\n<li>Para s\u00f3tanos, semi &#8211; s\u00f3tanos y muros de estacionamientos subterr\u00e1neos.<\/li>\n<li>En muros de contenci\u00f3n y taludes.<\/li>\n<li>En construcciones a desnivel o con secciones enterradas, para uso residencial y comercial.<\/li>\n<\/ul>\n<p>\u00a0<\/p>\n<p><b>RENDIMIENTO<\/b><\/p>\n<ul>\n<li>48.8 m\u00b2 por rollo<\/li>\n<\/ul>\n<p>\u00a0<\/p>\n<p><b>VENTAJAS<\/b><\/p>\n<ul>\n<li>Recomendado para cualquier regi\u00f3n geogr\u00e1fica.<\/li>\n<li>Permite que el agua fluya libremente hacia los desag\u00fces.<\/li>\n<li>En cimentaciones previene la aparici\u00f3n de humedad, salitre y hongos en \u00e1reas subterr\u00e1neas.<\/li>\n<li>Se adapta a esquinas y formas curvas de las superficies.<\/li>\n<li>Resistente a agentes qu\u00edmicos del subsuelo.<\/li>\n<\/ul>\n<\/div>\n<div class=\"product__benefits\">\n<p tabindex=\"-1\">\u00a0<\/p>\n<p id=\"beneficios-1\" class=\"product__benefitsTitle\" tabindex=\"-1\"><strong>BENEFICIOS<\/strong><\/p>\n<div class=\"product__benefitsList\">\n<ul>\n<li>Evita realizar mantenimientos correctivos en zonas de dif\u00edcil acceso.<\/li>\n<li>Largo tiempo de servicio, no se degrada al estar en contacto permanente con la tierra, el agua y la humedad.<\/li>\n<li>La instalaci\u00f3n es f\u00e1cil y r\u00e1pida<\/li>\n<\/ul>\n<\/div>\n<\/div>\n","protected":false},"excerpt":{"rendered":"<p>Laminado de polietileno de alta densidad<\/p>\n","protected":false},"featured_media":737,"comment_status":"open","ping_status":"closed","template":"","meta":{"_joinchat":[]},"product_brand":[],"product_cat":[65,70],"product_tag":[539,101],"class_list":{"0":"post-1460","1":"product","2":"type-product","3":"status-publish","4":"has-post-thumbnail","6":"product_cat-impermeabilizantes","7":"product_cat-mantos-impermeables-prefabricados","8":"product_tag-2-44-x-20m","9":"product_tag-rojo","11":"first","12":"instock","13":"taxable","14":"shipping-taxable","15":"purchasable","16":"product-type-simple"},"_links":{"self":[{"href":"https:\/\/www.festerroma.com.mx\/tienda\/wp-json\/wp\/v2\/product\/1460","targetHints":{"allow":["GET"]}}],"collection":[{"href":"https:\/\/www.festerroma.com.mx\/tienda\/wp-json\/wp\/v2\/product"}],"about":[{"href":"https:\/\/www.festerroma.com.mx\/tienda\/wp-json\/wp\/v2\/types\/product"}],"replies":[{"embeddable":true,"href":"https:\/\/www.festerroma.com.mx\/tienda\/wp-json\/wp\/v2\/comments?post=1460"}],"wp:featuredmedia":[{"embeddable":true,"href":"https:\/\/www.festerroma.com.mx\/tienda\/wp-json\/wp\/v2\/media\/737"}],"wp:attachment":[{"href":"https:\/\/www.festerroma.com.mx\/tienda\/wp-json\/wp\/v2\/media?parent=1460"}],"wp:term":[{"taxonomy":"product_brand","embeddable":true,"href":"https:\/\/www.festerroma.com.mx\/tienda\/wp-json\/wp\/v2\/product_brand?post=1460"},{"taxonomy":"product_cat","embeddable":true,"href":"https:\/\/www.festerroma.com.mx\/tienda\/wp-json\/wp\/v2\/product_cat?post=1460"},{"taxonomy":"product_tag","embeddable":true,"href":"https:\/\/www.festerroma.com.mx\/tienda\/wp-json\/wp\/v2\/product_tag?post=1460"}],"curies":[{"name":"wp","href":"https:\/\/api.w.org\/{rel}","templated":true}]}}