{"id":1476,"date":"2019-10-01T14:22:46","date_gmt":"2019-10-01T20:22:46","guid":{"rendered":"https:\/\/www.festerroma.com.mx\/tienda\/product\/import-placeholder-for-729\/"},"modified":"2026-02-09T19:39:59","modified_gmt":"2026-02-10T01:39:59","slug":"festerbond-2","status":"publish","type":"product","link":"https:\/\/www.festerroma.com.mx\/tienda\/festerbond-2\/","title":{"rendered":"FESTERBOND"},"content":{"rendered":"<div class=\"product__descriptionText\">\n<p>Adhesivo de consistencia lechosa, de color blanco, formulado a base de resinas 100% acr\u00edlicas. Resiste humedad, tensi\u00f3n, abrasi\u00f3n e impacto. No se torna amarillo ante la intemperie.<\/p>\n<p>\u00a0<\/p>\n<p><b>USOS<\/b><\/p>\n<ul>\n<li>Adherente para unir mortero nuevo a concreto viejo, unir mortero o yeso a muros, columnas, trabes, losas, entre otros. Resanes en pisos, muros, grietas, mamposter\u00eda, aplanados, entre otros.<\/li>\n<li>Sellador de superficies porosas como: repellados, serroteados, aplanados r\u00fasticos, entre otros; para elementos porosos como block (bloque) tabique, losetas de barro, entre otros.<\/li>\n<li>Mejora la calidad de pinturas de cal, cemento, vin\u00edlicas o acr\u00edlicas. Lechadas: agua + cemento. Morteros: arena + cemento + agua.<\/li>\n<\/ul>\n<p>\u00a0<\/p>\n<p><b>VENTAJAS<\/b><\/p>\n<ul>\n<li>Es resistente a la humedad e intemperie.<\/li>\n<li>Puede usarse para unir morteros, lechadas, yesos, tiroles, entre otros.<\/li>\n<li>Como sellador de superficies, una vez seco, es incoloro y disminuye la permeabilidad de las mismas.<\/li>\n<\/ul>\n<p>\u00a0<\/p>\n<p><b>NORMA<\/b><\/p>\n<ul>\n<li>ASTM C-1059, tipo II<\/li>\n<\/ul>\n<p><b>\u00a0<\/b><\/p>\n<p><b>PRESENTACI\u00d3N<\/b><\/p>\n<ul>\n<li>Bote 1L<\/li>\n<li>Bote 4L<\/li>\n<li>Cubeta 19L<\/li>\n<li>Tambo 200L<\/li>\n<\/ul>\n<\/div>\n<div class=\"product__benefits\">\n<p tabindex=\"-1\">\u00a0<\/p>\n<p id=\"beneficios-1\" class=\"product__benefitsTitle\" tabindex=\"-1\"><strong>BENEFICIOS<\/strong><\/p>\n<div class=\"product__benefitsList\">\n<ul>\n<li>Adhiere mortero nuevo a concreto viejo.<\/li>\n<li>Puede aplicarse en interiores y exteriores.<\/li>\n<li>Mejora la calidad de pinturas, lechadas y morteros.<\/li>\n<\/ul>\n<\/div>\n<\/div>\n","protected":false},"excerpt":{"rendered":"<p>Adhesivo acr\u00edlico de usos m\u00faltiples<\/p>\n","protected":false},"featured_media":576,"comment_status":"open","ping_status":"closed","template":"","meta":{"_joinchat":[]},"product_brand":[],"product_cat":[46,49],"product_tag":[95,505],"class_list":{"0":"post-1476","1":"product","2":"type-product","3":"status-publish","4":"has-post-thumbnail","6":"product_cat-adhesivos-para-concreto","7":"product_cat-festerbond","8":"product_tag-19-l","9":"product_tag-cubeta","11":"first","12":"instock","13":"sale","14":"featured","15":"taxable","16":"shipping-taxable","17":"purchasable","18":"product-type-simple"},"_links":{"self":[{"href":"https:\/\/www.festerroma.com.mx\/tienda\/wp-json\/wp\/v2\/product\/1476","targetHints":{"allow":["GET"]}}],"collection":[{"href":"https:\/\/www.festerroma.com.mx\/tienda\/wp-json\/wp\/v2\/product"}],"about":[{"href":"https:\/\/www.festerroma.com.mx\/tienda\/wp-json\/wp\/v2\/types\/product"}],"replies":[{"embeddable":true,"href":"https:\/\/www.festerroma.com.mx\/tienda\/wp-json\/wp\/v2\/comments?post=1476"}],"wp:featuredmedia":[{"embeddable":true,"href":"https:\/\/www.festerroma.com.mx\/tienda\/wp-json\/wp\/v2\/media\/576"}],"wp:attachment":[{"href":"https:\/\/www.festerroma.com.mx\/tienda\/wp-json\/wp\/v2\/media?parent=1476"}],"wp:term":[{"taxonomy":"product_brand","embeddable":true,"href":"https:\/\/www.festerroma.com.mx\/tienda\/wp-json\/wp\/v2\/product_brand?post=1476"},{"taxonomy":"product_cat","embeddable":true,"href":"https:\/\/www.festerroma.com.mx\/tienda\/wp-json\/wp\/v2\/product_cat?post=1476"},{"taxonomy":"product_tag","embeddable":true,"href":"https:\/\/www.festerroma.com.mx\/tienda\/wp-json\/wp\/v2\/product_tag?post=1476"}],"curies":[{"name":"wp","href":"https:\/\/api.w.org\/{rel}","templated":true}]}}