{"id":1492,"date":"2019-10-01T14:23:12","date_gmt":"2019-10-01T20:23:12","guid":{"rendered":"https:\/\/www.festerroma.com.mx\/tienda\/product\/import-placeholder-for-760\/"},"modified":"2026-02-09T19:38:17","modified_gmt":"2026-02-10T01:38:17","slug":"fester-epoxine-900","status":"publish","type":"product","link":"https:\/\/www.festerroma.com.mx\/tienda\/fester-epoxine-900\/","title":{"rendered":"FESTER EPOXINE 900"},"content":{"rendered":"<div class=\"product__descriptionText\">\n<p>Producto ep\u00f3xico de consistencia fluida, de 2 componentes, 100% s\u00f3lidos (libre de solventes) de color gris claro que al curar se convierte en un junteador semir\u00edgido (rellenador) duro pero flexible, para pisos industriales.<\/p>\n<p>\u00a0<\/p>\n<p><b>USOS<\/b><\/p>\n<ul>\n<li>Para rellenar juntas de concreto con movimiento moderado.<\/li>\n<li>Para relleno de juntas de control y constructivas.<\/li>\n<li>Para reparaci\u00f3n de juntas despostilladas y agrietadas.<\/li>\n<\/ul>\n<p>\u00a0<\/p>\n<p><b>VENTAJAS<\/b><\/p>\n<ul>\n<li>Protege las juntas de concreto contra el desgaste prematuro.<\/li>\n<li>Absorbe parte de los movimientos de las juntas.<\/li>\n<li>Puede quedar expuesto o recibir recubrimientos de acabado.<\/li>\n<\/ul>\n<p>\u00a0<\/p>\n<p><b>NORMA<\/b><\/p>\n<ul>\n<li>ACI 302.1 clases 6, 7, 8 y 9<\/li>\n<\/ul>\n<p><b><br \/>PRESENTACI\u00d3N<\/b><\/p>\n<ul>\n<li>Parte A: Bote 4L con 3.06L\u00a0<\/li>\n<li>Parte B: Bote 1L con 720ml<\/li>\n<\/ul>\n<\/div>\n<div class=\"product__benefits\">\n<p tabindex=\"-1\">\u00a0<\/p>\n<p id=\"beneficios-1\" class=\"product__benefitsTitle\" tabindex=\"-1\"><strong>BENEFICIOS<\/strong><\/p>\n<div class=\"product__benefitsList\">\n<ul>\n<li>Protege las juntas contra desgaste prematuro.<\/li>\n<li>Soporta paso de montacargas en 24 horas.<\/li>\n<li>Resiste movimiento moderado de juntas.<\/li>\n<\/ul>\n<\/div>\n<\/div>\n","protected":false},"excerpt":{"rendered":"<p>Junteador ep\u00f3xico semir\u00edgido para pisos industriales<\/p>\n","protected":false},"featured_media":786,"comment_status":"open","ping_status":"closed","template":"","meta":{"_joinchat":[]},"product_brand":[],"product_cat":[81,78],"product_tag":[515],"class_list":{"0":"post-1492","1":"product","2":"type-product","3":"status-publish","4":"has-post-thumbnail","6":"product_cat-fester-epoxin","7":"product_cat-selladores-y-resanadores","8":"product_tag-3-78-lts","10":"first","11":"instock","12":"taxable","13":"shipping-taxable","14":"purchasable","15":"product-type-simple"},"_links":{"self":[{"href":"https:\/\/www.festerroma.com.mx\/tienda\/wp-json\/wp\/v2\/product\/1492","targetHints":{"allow":["GET"]}}],"collection":[{"href":"https:\/\/www.festerroma.com.mx\/tienda\/wp-json\/wp\/v2\/product"}],"about":[{"href":"https:\/\/www.festerroma.com.mx\/tienda\/wp-json\/wp\/v2\/types\/product"}],"replies":[{"embeddable":true,"href":"https:\/\/www.festerroma.com.mx\/tienda\/wp-json\/wp\/v2\/comments?post=1492"}],"wp:featuredmedia":[{"embeddable":true,"href":"https:\/\/www.festerroma.com.mx\/tienda\/wp-json\/wp\/v2\/media\/786"}],"wp:attachment":[{"href":"https:\/\/www.festerroma.com.mx\/tienda\/wp-json\/wp\/v2\/media?parent=1492"}],"wp:term":[{"taxonomy":"product_brand","embeddable":true,"href":"https:\/\/www.festerroma.com.mx\/tienda\/wp-json\/wp\/v2\/product_brand?post=1492"},{"taxonomy":"product_cat","embeddable":true,"href":"https:\/\/www.festerroma.com.mx\/tienda\/wp-json\/wp\/v2\/product_cat?post=1492"},{"taxonomy":"product_tag","embeddable":true,"href":"https:\/\/www.festerroma.com.mx\/tienda\/wp-json\/wp\/v2\/product_tag?post=1492"}],"curies":[{"name":"wp","href":"https:\/\/api.w.org\/{rel}","templated":true}]}}