{"id":1498,"date":"2019-10-01T14:23:14","date_gmt":"2019-10-01T20:23:14","guid":{"rendered":"https:\/\/www.festerroma.com.mx\/tienda\/product\/import-placeholder-for-766\/"},"modified":"2026-02-09T19:38:20","modified_gmt":"2026-02-10T01:38:20","slug":"fexpan","status":"publish","type":"product","link":"https:\/\/www.festerroma.com.mx\/tienda\/fexpan\/","title":{"rendered":"FEXPAN"},"content":{"rendered":"<div class=\"product__descriptionText\">\n<p>Producto aglomerado de fibras de celulosa impregnada con asfaltos especiales y conservadores. Colocado entre losas de concreto hidr\u00e1ulico y en pavimentos, forma un coj\u00edn comprimible que sirve de relleno y base para selladores el\u00e1sticos.<\/p>\n<p>\u00a0<\/p>\n<p><b>USOS<\/b><\/p>\n<p>En todos los casos donde se requieran juntas de expansi\u00f3n y contracci\u00f3n, por dise\u00f1o constructivo, como: pisos industriales y pavimentos de concreto hidr\u00e1ulico, pistas y plataformas de aeropuertos, banquetas y andenes de carga y descarga.<\/p>\n<p>\u00a0<\/p>\n<p><b>RENDIMIENTO<\/b><\/p>\n<p>1.48 m\u00b2<\/p>\n<p>\u00a0<\/p>\n<p><b>VENTAJAS<\/b><\/p>\n<ul>\n<li>No se pudre por lo que protege la base del piso.<\/li>\n<li>Puede usarse como cimbra perdida, generando secciones uniformes para el sellado de juntas.<\/li>\n<li>Por sus medidas puede adaptarse a cualquier peralte de losa.<\/li>\n<\/ul>\n<p>\u00a0<\/p>\n<p><b>NORMA<\/b><\/p>\n<ul>\n<li>ASTM D-1751<\/li>\n<\/ul>\n<p><b><br \/>PRESENTACI\u00d3N<\/b><\/p>\n<p>Hoja de 1.22 x 1.22 m<\/p>\n<\/div>\n<div class=\"product__benefits\">\n<p tabindex=\"-1\">\u00a0<\/p>\n<p id=\"beneficios-1\" class=\"product__benefitsTitle\" tabindex=\"-1\"><strong>BENEFICIOS<\/strong><\/p>\n<div class=\"product__benefitsList\">\n<ul>\n<li>Sus componentes evitan su putrefacci\u00f3n, protegiendo la base del piso.<\/li>\n<li>Genera secciones uniformes para el sello de junta.<\/li>\n<li>Se adapta a cualquier peralte de losa.<\/li>\n<li>Permite el movimiento de las losas de concreto<\/li>\n<\/ul>\n<\/div>\n<\/div>\n","protected":false},"excerpt":{"rendered":"<p>Relleno premoldeado para juntas de expansi\u00f3n<\/p>\n","protected":false},"featured_media":789,"comment_status":"open","ping_status":"closed","template":"","meta":{"_joinchat":[]},"product_brand":[],"product_cat":[88,78],"product_tag":[501,502],"class_list":{"0":"post-1498","1":"product","2":"type-product","3":"status-publish","4":"has-post-thumbnail","6":"product_cat-fexpan","7":"product_cat-selladores-y-resanadores","8":"product_tag-1-22-x-1-22-m","9":"product_tag-hoja","11":"first","12":"instock","13":"taxable","14":"shipping-taxable","15":"purchasable","16":"product-type-simple"},"_links":{"self":[{"href":"https:\/\/www.festerroma.com.mx\/tienda\/wp-json\/wp\/v2\/product\/1498","targetHints":{"allow":["GET"]}}],"collection":[{"href":"https:\/\/www.festerroma.com.mx\/tienda\/wp-json\/wp\/v2\/product"}],"about":[{"href":"https:\/\/www.festerroma.com.mx\/tienda\/wp-json\/wp\/v2\/types\/product"}],"replies":[{"embeddable":true,"href":"https:\/\/www.festerroma.com.mx\/tienda\/wp-json\/wp\/v2\/comments?post=1498"}],"wp:featuredmedia":[{"embeddable":true,"href":"https:\/\/www.festerroma.com.mx\/tienda\/wp-json\/wp\/v2\/media\/789"}],"wp:attachment":[{"href":"https:\/\/www.festerroma.com.mx\/tienda\/wp-json\/wp\/v2\/media?parent=1498"}],"wp:term":[{"taxonomy":"product_brand","embeddable":true,"href":"https:\/\/www.festerroma.com.mx\/tienda\/wp-json\/wp\/v2\/product_brand?post=1498"},{"taxonomy":"product_cat","embeddable":true,"href":"https:\/\/www.festerroma.com.mx\/tienda\/wp-json\/wp\/v2\/product_cat?post=1498"},{"taxonomy":"product_tag","embeddable":true,"href":"https:\/\/www.festerroma.com.mx\/tienda\/wp-json\/wp\/v2\/product_tag?post=1498"}],"curies":[{"name":"wp","href":"https:\/\/api.w.org\/{rel}","templated":true}]}}