{"id":1517,"date":"2019-10-01T15:23:37","date_gmt":"2019-10-01T20:23:37","guid":{"rendered":"https:\/\/www.festerroma.com.mx\/tienda\/product\/import-placeholder-for-806\/"},"modified":"2026-02-09T19:38:18","modified_gmt":"2026-02-10T01:38:18","slug":"fester-cm-200","status":"publish","type":"product","link":"https:\/\/www.festerroma.com.mx\/tienda\/fester-cm-200\/","title":{"rendered":"FESTER CM-200"},"content":{"rendered":"<div class=\"product__descriptionText\">\n<p>Mortero a base de cemento hidr\u00e1ulico aditivos especiales y agregados de granulometr\u00eda fina, monocomponente, de f\u00e1cil aplicaci\u00f3n, r\u00e1pido fraguado, impermeable y sin contracci\u00f3n. Resistencia a la compresi\u00f3n de 210 Kg\/cm2<\/p>\n<p>\u00a0<\/p>\n<p><b>USOS<\/b><\/p>\n<ul>\n<li>Reparaci\u00f3n de oquedades, despostillamientos, baches, agrietamientos y da\u00f1os ocasionados por oxidaci\u00f3n del acero de refuerzo en elementos de concreto en cualquier posici\u00f3n.<\/li>\n<li>Resane y acabado de superficies de concreto.<\/li>\n<li>Puede usarse en columnas, bases, trabes, losas, pisos, pavimentos de concreto, puentes y otras estructuras.<\/li>\n<\/ul>\n<p>\u00a0<\/p>\n<p><b>RENDIMIENTO<\/b><\/p>\n<p>El rendimiento aproximado en consistencia de pasta para reparaciones de 14 L de mezcla. En consistencia fluida para \u00abchuleo\u00bb es de 14.5 L de mezcla<\/p>\n<p>\u00a0<\/p>\n<p><b>VENTAJAS<\/b><\/p>\n<ul>\n<li>Excelente adherencia, no requiere el uso de puentes de adherencia.<\/li>\n<li>Recomendado para reparaciones urgentes por su r\u00e1pido fraguado.<\/li>\n<li>Para uso de interiores, exteriores e incluso condiciones de inmersi\u00f3n constante.<\/li>\n<li>Recomendado para reparaciones urgentes por su r\u00e1pido fraguado.<\/li>\n<li>Para uso de interiores, exteriores e incluso condiciones de inmersi\u00f3n constante.<\/li>\n<\/ul>\n<p>\u00a0<\/p>\n<p><b>PRESENTACI\u00d3N<\/b><\/p>\n<p>Saco 25 kg<\/p>\n<\/div>\n<div class=\"product__benefits\">\n<p tabindex=\"-1\">\u00a0<\/p>\n<p id=\"beneficios-1\" class=\"product__benefitsTitle\" tabindex=\"-1\"><strong>BENEFICIOS<\/strong><\/p>\n<div class=\"product__benefitsList\">\n<ul>\n<li>R\u00e1pido fraguado y desarrollo de resistencia (expuesta en uso en 1 h)<\/li>\n<li>Excelente adherencia sin primarios y sin uso adicional de resinas.<\/li>\n<li>F\u00e1cil preparaci\u00f3n y aplicaci\u00f3n.\u00a0<\/li>\n<\/ul>\n<\/div>\n<\/div>\n","protected":false},"excerpt":{"rendered":"<p>Mortero para la reparaci\u00f3n y resane<\/p>\n","protected":false},"featured_media":833,"comment_status":"open","ping_status":"closed","template":"","meta":{"_joinchat":[]},"product_brand":[],"product_cat":[73,72],"product_tag":[511,496],"class_list":{"0":"post-1517","1":"product","2":"type-product","3":"status-publish","4":"has-post-thumbnail","6":"product_cat-fester-cm","7":"product_cat-reparadores","8":"product_tag-25-kg","9":"product_tag-saco","11":"first","12":"instock","13":"taxable","14":"shipping-taxable","15":"purchasable","16":"product-type-simple"},"_links":{"self":[{"href":"https:\/\/www.festerroma.com.mx\/tienda\/wp-json\/wp\/v2\/product\/1517","targetHints":{"allow":["GET"]}}],"collection":[{"href":"https:\/\/www.festerroma.com.mx\/tienda\/wp-json\/wp\/v2\/product"}],"about":[{"href":"https:\/\/www.festerroma.com.mx\/tienda\/wp-json\/wp\/v2\/types\/product"}],"replies":[{"embeddable":true,"href":"https:\/\/www.festerroma.com.mx\/tienda\/wp-json\/wp\/v2\/comments?post=1517"}],"wp:featuredmedia":[{"embeddable":true,"href":"https:\/\/www.festerroma.com.mx\/tienda\/wp-json\/wp\/v2\/media\/833"}],"wp:attachment":[{"href":"https:\/\/www.festerroma.com.mx\/tienda\/wp-json\/wp\/v2\/media?parent=1517"}],"wp:term":[{"taxonomy":"product_brand","embeddable":true,"href":"https:\/\/www.festerroma.com.mx\/tienda\/wp-json\/wp\/v2\/product_brand?post=1517"},{"taxonomy":"product_cat","embeddable":true,"href":"https:\/\/www.festerroma.com.mx\/tienda\/wp-json\/wp\/v2\/product_cat?post=1517"},{"taxonomy":"product_tag","embeddable":true,"href":"https:\/\/www.festerroma.com.mx\/tienda\/wp-json\/wp\/v2\/product_tag?post=1517"}],"curies":[{"name":"wp","href":"https:\/\/api.w.org\/{rel}","templated":true}]}}