{"id":1530,"date":"2019-10-01T14:23:40","date_gmt":"2019-10-01T20:23:40","guid":{"rendered":"https:\/\/www.festerroma.com.mx\/tienda\/product\/import-placeholder-for-819\/"},"modified":"2026-02-09T19:38:27","modified_gmt":"2026-02-10T01:38:27","slug":"fester-espuma-expansiva","status":"publish","type":"product","link":"https:\/\/www.festerroma.com.mx\/tienda\/fester-espuma-expansiva\/","title":{"rendered":"Fester Espuma Expansiva"},"content":{"rendered":"<div class=\"product__descriptionText\">\n<h2><a href=\"https:\/\/dm.henkel-dam.com\/is\/content\/henkel\/mx-ft-fester-espuma-expansiva-sellador\" target=\"_blank\" rel=\"noopener\">Fester Espuma Expansiva<\/a><\/h2>\n<p>Junteador\/rellenador ep\u00f3xico de 3 componentes, 100% s\u00f3lidos (libre de solventes) con excelente resistencia qu\u00edmica; dise\u00f1ado para aplicarse en juntas o boquillas de loseta anti\u00e1cida y otros tipos de loseta cer\u00e1mica de uso industrial.<\/p>\n<p><b>USOS<\/b><\/p>\n<ul>\n<li>Para juntear loseta anti\u00e1cida, cer\u00e1mica, baldosas o azulejos de uso industrial.<\/li>\n<li>Para formar una capa adhesiva sobre el concreto antes de recibir las losetas a colocar.<\/li>\n<\/ul>\n<p><b>VENTAJAS<\/b><\/p>\n<ul>\n<li>No requiere mano de obra especializada ni primario.<\/li>\n<li>Puede usarse en \u00e1reas donde se requieran condiciones sanitarias.<\/li>\n<li>Tiene alta resistencia al ataque qu\u00edmico y por bacterias.<\/li>\n<li>No desprende olores desagradables.<\/li>\n<\/ul>\n<p><b>NORMA<\/b><\/p>\n<ul>\n<li>NORMA OFICAL MEXICANA NOM &#8211; 127 -SSA AI &#8211; 1994<\/li>\n<\/ul>\n<p><b><br \/>\n<a href=\"https:\/\/www.festerroma.com.mx\/tienda\/?s=fester+espuma&amp;post_type=product\" target=\"_blank\" rel=\"noopener\">PRESENTACI\u00d3N<\/a><\/b><\/p>\n<ul>\n<li>Parte A: Bote 1L con 945ml<\/li>\n<li>Parte B: Bote 1L con 380ml<\/li>\n<li>Parte C: Bolsa polietileno con 4.5kg<\/li>\n<\/ul>\n<\/div>\n<div class=\"product__benefits\">\n<p id=\"beneficios-1\" class=\"product__benefitsTitle\" tabindex=\"-1\"><strong>BENEFICIOS<\/strong><\/p>\n<div class=\"product__benefitsList\">\n<ul>\n<li>Protege el concreto contra ataque qu\u00edmico.<\/li>\n<li>Puede aplicarse en c\u00e1maras fr\u00edas.<\/li>\n<li>No requiere primario.<\/li>\n<\/ul>\n<\/div>\n<\/div>\n","protected":false},"excerpt":{"rendered":"<p>Fester Espuma Expansiva,\u00a0de poliuretano en aerosol para sellar y rellenar grandes huecos evitando el paso de aire, agua, insectos, ruido y suciedad en superficies planas e irregulares.<\/p>\n","protected":false},"featured_media":841,"comment_status":"open","ping_status":"closed","template":"","meta":{"_joinchat":[]},"product_brand":[],"product_cat":[83,78],"product_tag":[533,534],"class_list":{"0":"post-1530","1":"product","2":"type-product","3":"status-publish","4":"has-post-thumbnail","6":"product_cat-fester-espuma-expansiva","7":"product_cat-selladores-y-resanadores","8":"product_tag-750-ml","9":"product_tag-lata","11":"first","12":"instock","13":"taxable","14":"shipping-taxable","15":"purchasable","16":"product-type-simple"},"_links":{"self":[{"href":"https:\/\/www.festerroma.com.mx\/tienda\/wp-json\/wp\/v2\/product\/1530","targetHints":{"allow":["GET"]}}],"collection":[{"href":"https:\/\/www.festerroma.com.mx\/tienda\/wp-json\/wp\/v2\/product"}],"about":[{"href":"https:\/\/www.festerroma.com.mx\/tienda\/wp-json\/wp\/v2\/types\/product"}],"replies":[{"embeddable":true,"href":"https:\/\/www.festerroma.com.mx\/tienda\/wp-json\/wp\/v2\/comments?post=1530"}],"wp:featuredmedia":[{"embeddable":true,"href":"https:\/\/www.festerroma.com.mx\/tienda\/wp-json\/wp\/v2\/media\/841"}],"wp:attachment":[{"href":"https:\/\/www.festerroma.com.mx\/tienda\/wp-json\/wp\/v2\/media?parent=1530"}],"wp:term":[{"taxonomy":"product_brand","embeddable":true,"href":"https:\/\/www.festerroma.com.mx\/tienda\/wp-json\/wp\/v2\/product_brand?post=1530"},{"taxonomy":"product_cat","embeddable":true,"href":"https:\/\/www.festerroma.com.mx\/tienda\/wp-json\/wp\/v2\/product_cat?post=1530"},{"taxonomy":"product_tag","embeddable":true,"href":"https:\/\/www.festerroma.com.mx\/tienda\/wp-json\/wp\/v2\/product_tag?post=1530"}],"curies":[{"name":"wp","href":"https:\/\/api.w.org\/{rel}","templated":true}]}}