{"id":1537,"date":"2019-10-01T14:23:42","date_gmt":"2019-10-01T20:23:42","guid":{"rendered":"https:\/\/www.festerroma.com.mx\/tienda\/product\/import-placeholder-for-826\/"},"modified":"2026-02-09T19:38:13","modified_gmt":"2026-02-10T01:38:13","slug":"fester-elastofest","status":"publish","type":"product","link":"https:\/\/www.festerroma.com.mx\/tienda\/fester-elastofest\/","title":{"rendered":"FESTER ELASTOFEST"},"content":{"rendered":"<div class=\"product__descriptionText\">\n<p>Compuesto asf\u00e1ltico de consistencia semis\u00f3lida, modificado con hule sint\u00e9tico para aplicaci\u00f3n en caliente. Es resistente a \u00e1cidos o \u00e1lcalis diluidos.<\/p>\n<p>\u00a0<\/p>\n<p><b>USOS<\/b><\/p>\n<ul>\n<li>Para sellar juntas horizontales en pisos de concreto, patios de maniobras y calles que no est\u00e9n expuestos a derrame de hidrocarburos como solventes y combustibles.<\/li>\n<li>Pisos de dep\u00f3sitos de agua.<\/li>\n<li>Banquetas, plazas y pisos industriales.<\/li>\n<\/ul>\n<p>\u00a0<\/p>\n<p><b>RENDIMIENTO<\/b><\/p>\n<ul>\n<li>1 kg. de Fester Elastofest llena un volumen aprocimado de 970 cm\u00b3<\/li>\n<li>Por cada 30 kg. de Fester Elastofest, se requiere de un litro de Fester Hidroprimer aproximandamente, aunque \u00e9ste var\u00eda dependiendo de las dimensiones de las juntas.<\/li>\n<\/ul>\n<p>\u00a0<\/p>\n<p><b>VENTAJAS<\/b><\/p>\n<ul>\n<li>No absorbe agua.<\/li>\n<li>Impide la acumulaci\u00f3n de polvo, gravillas u otros elementos extra\u00f1os en juntas.<\/li>\n<li>Buena resistencia a la intemperie.<\/li>\n<\/ul>\n<p>\u00a0<\/p>\n<p><b>NORMA<\/b><\/p>\n<ul>\n<li>ASTM D-1190-94 para selladores el\u00e1sticos para juntas de aplicaci\u00f3n en caliente<\/li>\n<\/ul>\n<p><b><br \/>PRESENTACI\u00d3N<\/b><\/p>\n<p>Cu\u00f1ete 30kg<\/p>\n<\/div>\n<div class=\"product__benefits\">\n<p tabindex=\"-1\">\u00a0<\/p>\n<p id=\"beneficios-1\" class=\"product__benefitsTitle\" tabindex=\"-1\"><strong>BENEFICIOS<\/strong><\/p>\n<div class=\"product__benefitsList\">\n<ul>\n<li>Para sellar juntas horizontales en pisos de concreto, patios de maniobras y calles que no est\u00e9n expuestos a derrame de hidrocarburos como solventes y combustibles.<\/li>\n<li>Pisos de dep\u00f3sitos de agua.<\/li>\n<li>Banquetas, plazas y pisos industriales.<\/li>\n<\/ul>\n<\/div>\n<\/div>\n","protected":false},"excerpt":{"rendered":"<p>Sellador de juntas horizontales<\/p>\n","protected":false},"featured_media":843,"comment_status":"open","ping_status":"closed","template":"","meta":{"_joinchat":[]},"product_brand":[],"product_cat":[80,78],"product_tag":[495,498],"class_list":{"0":"post-1537","1":"product","2":"type-product","3":"status-publish","4":"has-post-thumbnail","6":"product_cat-fester-elastofest","7":"product_cat-selladores-y-resanadores","8":"product_tag-30-kg","9":"product_tag-cunete","11":"first","12":"instock","13":"taxable","14":"shipping-taxable","15":"purchasable","16":"product-type-simple"},"_links":{"self":[{"href":"https:\/\/www.festerroma.com.mx\/tienda\/wp-json\/wp\/v2\/product\/1537","targetHints":{"allow":["GET"]}}],"collection":[{"href":"https:\/\/www.festerroma.com.mx\/tienda\/wp-json\/wp\/v2\/product"}],"about":[{"href":"https:\/\/www.festerroma.com.mx\/tienda\/wp-json\/wp\/v2\/types\/product"}],"replies":[{"embeddable":true,"href":"https:\/\/www.festerroma.com.mx\/tienda\/wp-json\/wp\/v2\/comments?post=1537"}],"wp:featuredmedia":[{"embeddable":true,"href":"https:\/\/www.festerroma.com.mx\/tienda\/wp-json\/wp\/v2\/media\/843"}],"wp:attachment":[{"href":"https:\/\/www.festerroma.com.mx\/tienda\/wp-json\/wp\/v2\/media?parent=1537"}],"wp:term":[{"taxonomy":"product_brand","embeddable":true,"href":"https:\/\/www.festerroma.com.mx\/tienda\/wp-json\/wp\/v2\/product_brand?post=1537"},{"taxonomy":"product_cat","embeddable":true,"href":"https:\/\/www.festerroma.com.mx\/tienda\/wp-json\/wp\/v2\/product_cat?post=1537"},{"taxonomy":"product_tag","embeddable":true,"href":"https:\/\/www.festerroma.com.mx\/tienda\/wp-json\/wp\/v2\/product_tag?post=1537"}],"curies":[{"name":"wp","href":"https:\/\/api.w.org\/{rel}","templated":true}]}}