{"id":1540,"date":"2019-10-01T15:23:42","date_gmt":"2019-10-01T20:23:42","guid":{"rendered":"https:\/\/www.festerroma.com.mx\/tienda\/product\/import-placeholder-for-829\/"},"modified":"2026-02-09T18:43:00","modified_gmt":"2026-02-10T00:43:00","slug":"fester-acriton-fachadas-rugoso","status":"publish","type":"product","link":"https:\/\/www.festerroma.com.mx\/tienda\/fester-acriton-fachadas-rugoso\/","title":{"rendered":"FESTER ACRITON FACHADAS RUGOSO"},"content":{"rendered":"<div class=\"product__descriptionText\">\n<h3><a href=\"https:\/\/dm.henkel-dam.com\/is\/content\/henkel\/mx-ft-fester-acriton-fachadas-rugoso-impermeabilizante-acrilico\" target=\"_blank\" rel=\"noopener\"><b>Fester Acriton Fachadas Rugoso<\/b><\/a><\/h3>\n<p><strong>CARACTER\u00cdSTICAS<\/strong><\/p>\n<p>Impermeabilizante acr\u00edlico base agua y de acabado rugoso elaborado con resinas acr\u00edlicas, pigmentos inorg\u00e1nicos, agregados minerales y aditivos de primera calidad. El producto est\u00e1 dise\u00f1ado con la viscosidad ideal para cubrir fisuras en las superficies de muros y fachadas.<\/p>\n<p><strong>USOS<\/strong><br \/>\nPara impermeabilizar fachadas, muros de colindancia y pretiles de azotea.<br \/>\nSe puede aplicar sobre materiales de tabique, ladrillo, block (bloque), concreto, placas prefabricadas, entre otras.<br \/>\nSe puede aplicar sobre recubrimientos como: aplanados, texturas y pinturas bien adheridas.<\/p>\n<p><strong>RENDIMIENTO<\/strong><br \/>\n1 m\u00b2\/L en una capa<\/p>\n<p><strong>VENTAJAS<\/strong><br \/>\nProtege, decora e impermeabiliza fachadas al mismo tiempo.<br \/>\nCubre fisuras de hasta 1.5 mm. de amplitud sin necesidad de resane.<br \/>\nResiste ambiente salinos y h\u00famedos.<br \/>\nEn color blanco, permite reflejar un alto porcentaje de los rayos solares, logrando obtener ambientes frescos en los interiores.<\/p>\n<p><strong>NORMA<\/strong><br \/>\nReflectancia solar ASTM C 1549<br \/>\nEmitancia ASTM C 1371 (m\u00e9todos)<\/p>\n<p><a href=\"https:\/\/www.festerroma.com.mx\/tienda\/?s=Fester+rugoso&amp;post_type=product\" target=\"_blank\" rel=\"noopener\"><strong>PRESENTACI\u00d3N<\/strong><\/a><br \/>\nCubeta 19L<\/p>\n<p><strong>BENEFICIOS<\/strong><\/p>\n<p>Cubre fisuras y grietas hasta de 1.5 Mm.<br \/>\nAyuda a proteger las superficies contra rayos UV<br \/>\nResiste ambientes salinos y h\u00famedos<\/p>\n<\/div>\n","protected":false},"excerpt":{"rendered":"<p>Fester Acriton Fachadas Rugoso es un Impermeabilizante acr\u00edlico de acabado rugoso .<\/p>\n","protected":false},"featured_media":845,"comment_status":"open","ping_status":"closed","template":"","meta":{"_joinchat":[]},"product_brand":[],"product_cat":[90,89],"product_tag":[95,102,99],"class_list":{"0":"post-1540","1":"product","2":"type-product","3":"status-publish","4":"has-post-thumbnail","6":"product_cat-fester-acriton-rugoso","7":"product_cat-tratamientos-para-superficies","8":"product_tag-19-l","9":"product_tag-blanco","10":"product_tag-rugoso","12":"first","13":"instock","14":"featured","15":"taxable","16":"shipping-taxable","17":"purchasable","18":"product-type-simple"},"_links":{"self":[{"href":"https:\/\/www.festerroma.com.mx\/tienda\/wp-json\/wp\/v2\/product\/1540","targetHints":{"allow":["GET"]}}],"collection":[{"href":"https:\/\/www.festerroma.com.mx\/tienda\/wp-json\/wp\/v2\/product"}],"about":[{"href":"https:\/\/www.festerroma.com.mx\/tienda\/wp-json\/wp\/v2\/types\/product"}],"replies":[{"embeddable":true,"href":"https:\/\/www.festerroma.com.mx\/tienda\/wp-json\/wp\/v2\/comments?post=1540"}],"wp:featuredmedia":[{"embeddable":true,"href":"https:\/\/www.festerroma.com.mx\/tienda\/wp-json\/wp\/v2\/media\/845"}],"wp:attachment":[{"href":"https:\/\/www.festerroma.com.mx\/tienda\/wp-json\/wp\/v2\/media?parent=1540"}],"wp:term":[{"taxonomy":"product_brand","embeddable":true,"href":"https:\/\/www.festerroma.com.mx\/tienda\/wp-json\/wp\/v2\/product_brand?post=1540"},{"taxonomy":"product_cat","embeddable":true,"href":"https:\/\/www.festerroma.com.mx\/tienda\/wp-json\/wp\/v2\/product_cat?post=1540"},{"taxonomy":"product_tag","embeddable":true,"href":"https:\/\/www.festerroma.com.mx\/tienda\/wp-json\/wp\/v2\/product_tag?post=1540"}],"curies":[{"name":"wp","href":"https:\/\/api.w.org\/{rel}","templated":true}]}}