{"id":1558,"date":"2019-10-01T14:24:12","date_gmt":"2019-10-01T20:24:12","guid":{"rendered":"https:\/\/www.festerroma.com.mx\/tienda\/product\/import-placeholder-for-862\/"},"modified":"2026-02-09T19:38:06","modified_gmt":"2026-02-10T01:38:06","slug":"festex-silicon-rp-501","status":"publish","type":"product","link":"https:\/\/www.festerroma.com.mx\/tienda\/festex-silicon-rp-501\/","title":{"rendered":"FESTEX SILICON RP-501"},"content":{"rendered":"<div class=\"product__descriptionText\">\n<h2><a href=\"https:\/\/dm.henkel-dam.com\/is\/content\/henkel\/mx-ft-festex-silicon-rp-501-silicon\" target=\"_blank\" rel=\"noopener\">FESTEX SILIC\u00d3N RP-501<\/a><\/h2>\n<p>Soluci\u00f3n hidrofugante base agua que al aplicarse y secar se torna invisible, no alterando la aparicencia original de los materiales de construcci\u00f3n. Elaborada con emulsiones de resinas de silic\u00f3n de alto desempe\u00f1o y poder penetrante.<\/p>\n<p><b>USOS<\/b><\/p>\n<ul>\n<li>Como repelente de agua y tratamiento protector anti-musgos para muros exteriores e interiores construidos con materiales p\u00e9treos (naturales) para la construcci\u00f3n.<\/li>\n<li>Ideal para aplicar en superficies porosas y absorbentes, para lograr su impermeabilidad rechazando el agua.<\/li>\n<\/ul>\n<p><b>RENDIMIENTO<\/b><\/p>\n<ul>\n<li>Sobre concreto: 3 a 5 m\u00b2\/L\u00a0 variable seg\u00fan porosidad y absorci\u00f3n de la superficie.<\/li>\n<li>Sobre aplanado: 1.5 a 2 m\u00b2\/L variable seg\u00fan porosidad y absorci\u00f3n de la superficie.<\/li>\n<li>Sobre tabique aparente: 0.75 a 1 m\u00b2\/L variable seg\u00fan porosidad y absorci\u00f3n de la superficie.<\/li>\n<\/ul>\n<p><b>VENTAJAS<\/b><\/p>\n<ul>\n<li>Producto base agua, amigable con el medio ambiente y la salud.<\/li>\n<li>Aplicaci\u00f3n r\u00e1pida y sencilla.<\/li>\n<li>Resistente a todo tipo de climas.<\/li>\n<li>Forma una barrera protectora invisible que no altera la aparicencia original de los muros.<\/li>\n<li>Aten\u00faa enormemente la acci\u00f3n destructora del intemperismo y la lluvia \u00e1cida.<\/li>\n<li>Permite \u201crespirar\u201d a la superficie, dejando escapar el vapor acumulado en los muros y previene la formaci\u00f3n de hongos, musgos y colonias de par\u00e1sitos sobre la superficie tratada.<\/li>\n<\/ul>\n<p><a href=\"https:\/\/www.festerroma.com.mx\/tienda\/?s=FESTEX&amp;post_type=product\" target=\"_blank\" rel=\"noopener\"><b>PRESENTACI\u00d3N<\/b><\/a><\/p>\n<ul>\n<li>Garrafa 3.8 L<\/li>\n<li>Porr\u00f3n 19L<\/li>\n<li>Tambo 200L<\/li>\n<\/ul>\n<\/div>\n<div class=\"product__benefits\">\n<p id=\"beneficios-1\" class=\"product__benefitsTitle\" tabindex=\"-1\"><strong>BENEFICIOS DE FESTEX SILIC\u00d3N RP-501<\/strong><\/p>\n<div class=\"product__benefitsList\">\n<ul>\n<li>Producto base agua, amigable con el medio ambiente y la salud.<\/li>\n<li>Aplicaci\u00f3n r\u00e1pida y sencilla.<\/li>\n<li>Resistente a todo tipo de climas.<\/li>\n<li>Forma una barrera protectora invisible que no altera la aparicencia original de los muros.<\/li>\n<li>Aten\u00faa enormemente la acci\u00f3n destructora del intemperismo y la lluvia \u00e1cida.<\/li>\n<li>Permite \u201crespirar\u201d a la superficie, dejando escapar el vapor acumulado en los muros y previene la formaci\u00f3n de hongos, musgos y colonias de par\u00e1sitos sobre la superficie tratada.<\/li>\n<\/ul>\n<\/div>\n<\/div>\n","protected":false},"excerpt":{"rendered":"<p>FESTEX SILIC\u00d3N RP-501, Repelente y anti-musgo base agua para muros<\/p>\n","protected":false},"featured_media":2050,"comment_status":"open","ping_status":"closed","template":"","meta":{"_joinchat":[]},"product_brand":[],"product_cat":[94,89],"product_tag":[145],"class_list":{"0":"post-1558","1":"product","2":"type-product","3":"status-publish","4":"has-post-thumbnail","6":"product_cat-festex-silicon-rp","7":"product_cat-tratamientos-para-superficies","8":"product_tag-200-l","10":"first","11":"instock","12":"taxable","13":"shipping-taxable","14":"purchasable","15":"product-type-simple"},"_links":{"self":[{"href":"https:\/\/www.festerroma.com.mx\/tienda\/wp-json\/wp\/v2\/product\/1558","targetHints":{"allow":["GET"]}}],"collection":[{"href":"https:\/\/www.festerroma.com.mx\/tienda\/wp-json\/wp\/v2\/product"}],"about":[{"href":"https:\/\/www.festerroma.com.mx\/tienda\/wp-json\/wp\/v2\/types\/product"}],"replies":[{"embeddable":true,"href":"https:\/\/www.festerroma.com.mx\/tienda\/wp-json\/wp\/v2\/comments?post=1558"}],"wp:featuredmedia":[{"embeddable":true,"href":"https:\/\/www.festerroma.com.mx\/tienda\/wp-json\/wp\/v2\/media\/2050"}],"wp:attachment":[{"href":"https:\/\/www.festerroma.com.mx\/tienda\/wp-json\/wp\/v2\/media?parent=1558"}],"wp:term":[{"taxonomy":"product_brand","embeddable":true,"href":"https:\/\/www.festerroma.com.mx\/tienda\/wp-json\/wp\/v2\/product_brand?post=1558"},{"taxonomy":"product_cat","embeddable":true,"href":"https:\/\/www.festerroma.com.mx\/tienda\/wp-json\/wp\/v2\/product_cat?post=1558"},{"taxonomy":"product_tag","embeddable":true,"href":"https:\/\/www.festerroma.com.mx\/tienda\/wp-json\/wp\/v2\/product_tag?post=1558"}],"curies":[{"name":"wp","href":"https:\/\/api.w.org\/{rel}","templated":true}]}}