{"id":2008,"date":"2020-09-17T12:52:32","date_gmt":"2020-09-17T18:52:32","guid":{"rendered":"https:\/\/www.festerroma.com.mx\/tienda\/product\/import-placeholder-for-1435\/"},"modified":"2026-02-09T19:38:22","modified_gmt":"2026-02-10T01:38:22","slug":"fester-imperfacil-nms","status":"publish","type":"product","link":"https:\/\/www.festerroma.com.mx\/tienda\/fester-imperfacil-nms\/","title":{"rendered":"FESTER IMPERFACIL NO MAS SALITRE"},"content":{"rendered":"<div class=\"product__descriptionText\">\n<h2><a href=\"https:\/\/dm.henkel-dam.com\/is\/content\/henkel\/fester-imperfacilnomassalitre-diy-tds\" target=\"_blank\" rel=\"noopener\">FESTER IMPERFACIL NO MAS SALITRE<\/a><\/h2>\n<p>Es un producto cementoso en polvo de color gris que al ser mezclado con agua, logra una consistencia cremosa, suave y f\u00e1cil de aplicar; formando una capa impermeable.<\/p>\n<p>\u00a0<\/p>\n<h4>USOS<\/h4>\n<ul>\n<li>Para impermeabilizar paredes de tabique o block (bloque) y elementos de mamposter\u00eda (en interiores y exteriores) expuestos a la humedad del subsuelo, al agua de la lluvia y a escurrimientos.<\/li>\n<li>Para impermeabilizar: albercas, cisternas, muros de contenci\u00f3n, jardiner\u00edas, t\u00faneles, s\u00f3tanos, entre otros.\u00a0<\/li>\n<li>Para impermeabilizar muros en el interior o exterior de construcciones envejecidas ante la aparici\u00f3n de humedad y formaci\u00f3n de salitre.\u00a0<\/li>\n<\/ul>\n<p>\u00a0<\/p>\n<h4>VENTAJAS<\/h4>\n<ul>\n<li>Previene la humedad y permite que las superficies tratadas \u00abtranspiren\u00bb, facilitando su salida<\/li>\n<\/ul>\n<p>\u00a0<\/p>\n<h4>RENDIMIENTO<\/h4>\n<p>3 kg\/m\u00b2 a dos capas a un espesor de 2mm<\/p>\n<p>\u00a0<\/p>\n<h4><a href=\"https:\/\/www.festerroma.com.mx\/tienda\/?s=IMPERFACIL&amp;post_type=product\" target=\"_blank\" rel=\"noopener\">PRESENTACI\u00d3N<\/a><\/h4>\n<ul>\n<li>Saco 5 kg<\/li>\n<\/ul>\n<\/div>\n<div class=\"product__benefits\">\n<p tabindex=\"-1\">\u00a0<\/p>\n<p id=\"beneficios-1\" class=\"product__benefitsTitle\" tabindex=\"-1\"><strong>BENEFICIOS<\/strong><\/p>\n<div class=\"product__benefitsList\">\n<ul>\n<li>Previene y corrige problemas de salitre\u00a0<\/li>\n<li>Detiene la humedad en muros<\/li>\n<li>No se agrieta y se puede pintar<\/li>\n<\/ul>\n<\/div>\n<\/div>\n","protected":false},"excerpt":{"rendered":"<p>FESTER IMPERFACIL NO MAS SALITRE es un Impermeabilizante cementoso para el tratamiento contra el salitre Fester <strong>Imperf\u00e1cil<\/strong> No Mas Salitre, es un producto cementoso en polvo, color gris<\/p>\n","protected":false},"featured_media":701,"comment_status":"open","ping_status":"closed","template":"","meta":{"_joinchat":[]},"product_brand":[],"product_cat":[69,65],"product_tag":[506,496],"class_list":{"0":"post-2008","1":"product","2":"type-product","3":"status-publish","4":"has-post-thumbnail","6":"product_cat-hagalo-usted-mismo","7":"product_cat-impermeabilizantes","8":"product_tag-5-kg","9":"product_tag-saco","11":"first","12":"instock","13":"taxable","14":"shipping-taxable","15":"purchasable","16":"product-type-simple"},"_links":{"self":[{"href":"https:\/\/www.festerroma.com.mx\/tienda\/wp-json\/wp\/v2\/product\/2008","targetHints":{"allow":["GET"]}}],"collection":[{"href":"https:\/\/www.festerroma.com.mx\/tienda\/wp-json\/wp\/v2\/product"}],"about":[{"href":"https:\/\/www.festerroma.com.mx\/tienda\/wp-json\/wp\/v2\/types\/product"}],"replies":[{"embeddable":true,"href":"https:\/\/www.festerroma.com.mx\/tienda\/wp-json\/wp\/v2\/comments?post=2008"}],"wp:featuredmedia":[{"embeddable":true,"href":"https:\/\/www.festerroma.com.mx\/tienda\/wp-json\/wp\/v2\/media\/701"}],"wp:attachment":[{"href":"https:\/\/www.festerroma.com.mx\/tienda\/wp-json\/wp\/v2\/media?parent=2008"}],"wp:term":[{"taxonomy":"product_brand","embeddable":true,"href":"https:\/\/www.festerroma.com.mx\/tienda\/wp-json\/wp\/v2\/product_brand?post=2008"},{"taxonomy":"product_cat","embeddable":true,"href":"https:\/\/www.festerroma.com.mx\/tienda\/wp-json\/wp\/v2\/product_cat?post=2008"},{"taxonomy":"product_tag","embeddable":true,"href":"https:\/\/www.festerroma.com.mx\/tienda\/wp-json\/wp\/v2\/product_tag?post=2008"}],"curies":[{"name":"wp","href":"https:\/\/api.w.org\/{rel}","templated":true}]}}