{"id":2028,"date":"2021-04-20T14:09:09","date_gmt":"2021-04-20T20:09:09","guid":{"rendered":"https:\/\/www.festerroma.com.mx\/tienda\/product\/fester-revoflex-2\/"},"modified":"2025-10-01T02:27:43","modified_gmt":"2025-10-01T08:27:43","slug":"fester-revoflex-1mto","status":"publish","type":"product","link":"https:\/\/www.festerroma.com.mx\/tienda\/fester-revoflex-1mto\/","title":{"rendered":"FESTER REVOFLEX"},"content":{"rendered":"<div class=\"product__descriptionText\">\n<h3><a href=\"https:\/\/dm.henkel-dam.com\/is\/content\/henkel\/mx-ft-fester-revoflex-impermeabilizante-acrilico\" target=\"_blank\" rel=\"noopener\">FESTER REVOFLEX<\/a><\/h3>\n<p>&nbsp;<\/p>\n<p>Membrana reforzada con hilos, elaborada con fibras de poli\u00e9ster flexible y dise\u00f1ada para reforzar multidireccionalmente los sistemas impermeables de la l\u00ednea Fester<\/p>\n<p><b>USOS<\/b><\/p>\n<ul>\n<li>Como membrana de refuerzo integral de sistemas impermeables en fr\u00edo como: acr\u00edlicos, asf\u00e1lticos o de poliuretano.<\/li>\n<li>Para reforzar puntos cr\u00edticos en impermeabilizaciones acr\u00edlicas, asf\u00e1lticas o de poliuretano.<\/li>\n<li>Para reforzar zonas cr\u00edticas durante la aplicaci\u00f3n de recubrimientos ep\u00f3xicos en cisternas, canales, albercas, tanques, silos, entre otros.<\/li>\n<\/ul>\n<p><b>RENDIMIENTO<\/b><\/p>\n<p>100 m\u00b2 por rollo<\/p>\n<p><b>VENTAJAS<\/b><\/p>\n<ul>\n<li>Alta resistencia a los esfuerzos (tensi\u00f3n) que se generan tanto longitudinal como transversalmente en sistemas impermeables.<\/li>\n<li>Facilita la adherencia entre las capas de los sistemas impermeables proporcion\u00e1ndoles resistencia a los esfuerzos mec\u00e1nicos normales.<\/li>\n<li>Resiste todo tipo de condiciones clim\u00e1ticas y tiene excelente flexibilidad.<\/li>\n<li>No le afecta la acci\u00f3n de solventes, bacterias o moho.<\/li>\n<\/ul>\n<p><a href=\"https:\/\/www.festerroma.com.mx\/tienda\/product\/fester-revoflex-2\/\" target=\"_blank\" rel=\"noopener\"><b>PRESENTACI\u00d3N<\/b><\/a><\/p>\n<p>Rollo de 100m x 1.10m<\/p>\n<\/div>\n<div class=\"product__benefits\">\n<p id=\"beneficios-1\" class=\"product__benefitsTitle\" tabindex=\"-1\"><strong>BENEFICIOS<\/strong><\/p>\n<div class=\"product__benefitsList\">\n<ul>\n<li>Alta resistencia a la tensi\u00f3n en sistemas impermeables.<\/li>\n<li>Facilita la adherencia entre capas.<\/li>\n<li>Es flexible y resiste todo tipo de condiciones clim\u00e1ticas.<\/li>\n<\/ul>\n<\/div>\n<\/div>\n","protected":false},"excerpt":{"rendered":"<p>Fester Revoflex es una Membrana de refuerzo de poli\u00e9ster no tejido para sistemas impermeables<\/p>\n","protected":false},"featured_media":580,"comment_status":"open","ping_status":"closed","template":"","meta":{"_joinchat":[]},"product_brand":[],"product_cat":[66,65],"product_tag":[507,577],"class_list":{"0":"post-2028","1":"product","2":"type-product","3":"status-publish","4":"has-post-thumbnail","6":"product_cat-acrilicos","7":"product_cat-impermeabilizantes","8":"product_tag-1-10-x-100m","9":"product_tag-malla","11":"first","12":"instock","13":"taxable","14":"shipping-taxable","15":"purchasable","16":"product-type-simple"},"_links":{"self":[{"href":"https:\/\/www.festerroma.com.mx\/tienda\/wp-json\/wp\/v2\/product\/2028","targetHints":{"allow":["GET"]}}],"collection":[{"href":"https:\/\/www.festerroma.com.mx\/tienda\/wp-json\/wp\/v2\/product"}],"about":[{"href":"https:\/\/www.festerroma.com.mx\/tienda\/wp-json\/wp\/v2\/types\/product"}],"replies":[{"embeddable":true,"href":"https:\/\/www.festerroma.com.mx\/tienda\/wp-json\/wp\/v2\/comments?post=2028"}],"wp:featuredmedia":[{"embeddable":true,"href":"https:\/\/www.festerroma.com.mx\/tienda\/wp-json\/wp\/v2\/media\/580"}],"wp:attachment":[{"href":"https:\/\/www.festerroma.com.mx\/tienda\/wp-json\/wp\/v2\/media?parent=2028"}],"wp:term":[{"taxonomy":"product_brand","embeddable":true,"href":"https:\/\/www.festerroma.com.mx\/tienda\/wp-json\/wp\/v2\/product_brand?post=2028"},{"taxonomy":"product_cat","embeddable":true,"href":"https:\/\/www.festerroma.com.mx\/tienda\/wp-json\/wp\/v2\/product_cat?post=2028"},{"taxonomy":"product_tag","embeddable":true,"href":"https:\/\/www.festerroma.com.mx\/tienda\/wp-json\/wp\/v2\/product_tag?post=2028"}],"curies":[{"name":"wp","href":"https:\/\/api.w.org\/{rel}","templated":true}]}}