{"id":2108,"date":"2022-02-03T12:04:38","date_gmt":"2022-02-03T18:04:38","guid":{"rendered":"https:\/\/www.festerroma.com.mx\/tienda\/product\/fester-cr-66-ff-b\/"},"modified":"2026-04-27T02:16:46","modified_gmt":"2026-04-27T08:16:46","slug":"fester-cr-66-ff-b","status":"publish","type":"product","link":"https:\/\/www.festerroma.com.mx\/tienda\/fester-cr-66-ff-b\/","title":{"rendered":"FESTER CR 66 FF B"},"content":{"rendered":"<div class=\"product__descriptionText\">\n<div class=\"product__descriptionText\">\n<h2><a href=\"https:\/\/dm.henkel-dam.com\/is\/content\/henkel\/Fester-CR-66-fester-mx\" target=\"_blank\" rel=\"noopener\">FESTER CR 66 FF<\/a><\/h2>\n<p>Compuesto en polvo, base cemento, arenas s\u00edlicas seleccionadas de fina granulometr\u00eda y aditivos especiales basados en la nanotecnolog\u00eda.<\/p>\n<p>Gracias a su formulaci\u00f3n, se genera una reacci\u00f3n qu\u00edmica que da lugar a una soluci\u00f3n integral y permanente de impermeabilizaci\u00f3n de elementos de concreto con problemas de filtraci\u00f3n de agua.<\/p>\n<p><b>USOS<\/b><\/p>\n<ul>\n<li>Para impermeabilizar cisternas, piletas, tanques, plantas de tratamiento, muelles, presas y estructuras de concreto en las que se tendr\u00e1 contacto con agua.<\/li>\n<li>Soluci\u00f3n correctiva contra el ataque del salitre y corrosi\u00f3n del concreto.<\/li>\n<\/ul>\n<p><b>VENTAJAS<\/b><\/p>\n<ul>\n<li>Puede ser usada como una soluci\u00f3n de recubrimiento impermeable para concretos endurecidos nuevos, o con problemas severos de filtraci\u00f3n.<\/li>\n<\/ul>\n<p><a href=\"https:\/\/www.festerroma.com.mx\/tienda\/?s=cr+66&amp;post_type=product\" target=\"_blank\" rel=\"noopener\"><b>PRESENTACI\u00d3N<\/b><\/a><\/p>\n<ul>\n<li>Saco \u00a035 kg<\/li>\n<\/ul>\n<p><b>COLOR<\/b><\/p>\n<ul>\n<li>Blanco<\/li>\n<\/ul>\n<\/div>\n<div class=\"product__benefits\">\n<p id=\"beneficios-1\" class=\"product__benefitsTitle\" tabindex=\"-1\"><strong>BENEFICIOS<\/strong><\/p>\n<div class=\"product__benefitsList\">\n<ul>\n<li>Forma parte permanente del concreto.<\/li>\n<li>F\u00f3rmula reforzada con activos hidrorepelentes.<\/li>\n<li>Excelente impermeabilidad al agua a\u00fan en condiciones severas de presi\u00f3n hidrost\u00e1tica.<\/li>\n<li>Los NANOACTIVOS penetran (hasta 30 cm) a trav\u00e9s de los poros y capilares del concreto.<\/li>\n<li>Aumenta la resistencia final a la compresi\u00f3n en un 5 %<\/li>\n<\/ul>\n<\/div>\n<\/div>\n<\/div>\n","protected":false},"excerpt":{"rendered":"<p>FESTER CR 66 FF es un Impermeabilizante cementoso s\u00faper el\u00e1stico<\/p>\n","protected":false},"featured_media":1961,"comment_status":"open","ping_status":"closed","template":"","meta":{"_joinchat":[]},"product_brand":[],"product_cat":[68,65],"product_tag":[510,496],"class_list":{"0":"post-2108","1":"product","2":"type-product","3":"status-publish","4":"has-post-thumbnail","6":"product_cat-cementosos","7":"product_cat-impermeabilizantes","8":"product_tag-35-kg","9":"product_tag-saco","11":"first","12":"instock","13":"taxable","14":"shipping-taxable","15":"purchasable","16":"product-type-simple"},"_links":{"self":[{"href":"https:\/\/www.festerroma.com.mx\/tienda\/wp-json\/wp\/v2\/product\/2108","targetHints":{"allow":["GET"]}}],"collection":[{"href":"https:\/\/www.festerroma.com.mx\/tienda\/wp-json\/wp\/v2\/product"}],"about":[{"href":"https:\/\/www.festerroma.com.mx\/tienda\/wp-json\/wp\/v2\/types\/product"}],"replies":[{"embeddable":true,"href":"https:\/\/www.festerroma.com.mx\/tienda\/wp-json\/wp\/v2\/comments?post=2108"}],"wp:featuredmedia":[{"embeddable":true,"href":"https:\/\/www.festerroma.com.mx\/tienda\/wp-json\/wp\/v2\/media\/1961"}],"wp:attachment":[{"href":"https:\/\/www.festerroma.com.mx\/tienda\/wp-json\/wp\/v2\/media?parent=2108"}],"wp:term":[{"taxonomy":"product_brand","embeddable":true,"href":"https:\/\/www.festerroma.com.mx\/tienda\/wp-json\/wp\/v2\/product_brand?post=2108"},{"taxonomy":"product_cat","embeddable":true,"href":"https:\/\/www.festerroma.com.mx\/tienda\/wp-json\/wp\/v2\/product_cat?post=2108"},{"taxonomy":"product_tag","embeddable":true,"href":"https:\/\/www.festerroma.com.mx\/tienda\/wp-json\/wp\/v2\/product_tag?post=2108"}],"curies":[{"name":"wp","href":"https:\/\/api.w.org\/{rel}","templated":true}]}}