{"id":2183,"date":"2023-09-20T12:04:24","date_gmt":"2023-09-20T18:04:24","guid":{"rendered":"https:\/\/www.festerroma.com.mx\/tienda\/?post_type=product&#038;p=2183"},"modified":"2026-02-09T17:52:26","modified_gmt":"2026-02-09T23:52:26","slug":"fester-acriton-green-shield","status":"publish","type":"product","link":"https:\/\/www.festerroma.com.mx\/tienda\/fester-acriton-green-shield\/","title":{"rendered":"FESTER ACRITON GREEN SHIELD"},"content":{"rendered":"<div class=\"product__descriptionText\">\n<h2><a href=\"https:\/\/dm.henkel-dam.com\/is\/content\/henkel\/Fester-Acriton-Green-Shield-10A-mayo-2023\" target=\"_blank\" rel=\"noopener\">Fester Acriton Green Shield<\/a><\/h2>\n<p>&nbsp;<\/p>\n<p>Fester Acriton Green Shield es un impermeabilizante elastom\u00e9rico, ecol\u00f3gico que contiene pol\u00edmeros con tecnolog\u00eda exclusiva de Henkel, as\u00ed como agregados provenientes de la recuperaci\u00f3n y reciclaje de pl\u00e1sticos. Adem\u00e1s, incorpora aditivos especiales y microesferas que le brindan las mejores propiedades de reflectividad, emisividad y aislamiento t\u00e9rmico manteniendo su blancura a trav\u00e9s del tiempo.<\/p>\n<p>&nbsp;<\/p>\n<p><b>USOS<\/b><\/p>\n<ul>\n<li>Para impermeabilizar: losas de concreto planas o inclinadas, techumbres de l\u00e1mina met\u00e1lica o de fibro cemento, acabados t\u00e9rmicos de poliestireno y espuma de poliuretano,<\/li>\n<li>Para proteger techos contra la radiaci\u00f3n solar disminuyendo la temperatura de la superficie.<\/li>\n<li>Para dar mantenimiento a sistemas anteriores envejecidos.<\/li>\n<\/ul>\n<p>&nbsp;<\/p>\n<p><b>VENTAJAS<\/b><\/p>\n<ul>\n<li>Por su blancura es altamente reflectivo, lo que contribuye a disminuir la temperatura de la superficie donde es aplicado el producto.<\/li>\n<li>Contiene microesferas que favorecen la blancura y contribuyen en las propiedades de reflectividad y aislamiento t\u00e9rmico.<\/li>\n<li>Contiene en la formulaci\u00f3n agregados pl\u00e1sticos provenientes del reciclaje disminuyendo el impacto al medio ambiente.<\/li>\n<li>Al estar en contacto con el agua de lluvia, no transfiere sustancias qu\u00edmicas que afecten en la potabilizaci\u00f3n, riego o suministro de agua al subsuelo. Validado por un laboratorio bajo la norma NOM-127-SSA-1994.<\/li>\n<li>Producto libre de amoniaco y solventes.<\/li>\n<\/ul>\n<p>&nbsp;<\/p>\n<p><a href=\"https:\/\/www.festerroma.com.mx\/tienda\/fester-acriton-green-shield\/\" target=\"_blank\" rel=\"noopener\"><b>PRESENTACI\u00d3N<\/b><\/a><\/p>\n<ul>\n<li>Cubeta 19L<\/li>\n<\/ul>\n<p>&nbsp;<\/p>\n<p><b>COLOR<\/b><\/p>\n<ul>\n<li>Blanco<\/li>\n<\/ul>\n<\/div>\n<div class=\"product__benefits\">\n<div class=\"product__benefitsList\"><\/div>\n<\/div>\n","protected":false},"excerpt":{"rendered":"<p><b>Impermeabilizante acr\u00edlico ecol\u00f3gico de nueva generaci\u00f3n.<\/b><\/p>\n","protected":false},"featured_media":2187,"comment_status":"open","ping_status":"closed","template":"","meta":{"_joinchat":[]},"product_brand":[],"product_cat":[66,65],"product_tag":[589,95,102,505,590],"class_list":{"0":"post-2183","1":"product","2":"type-product","3":"status-publish","4":"has-post-thumbnail","6":"product_cat-acrilicos","7":"product_cat-impermeabilizantes","8":"product_tag-10-anos","9":"product_tag-19-l","10":"product_tag-blanco","11":"product_tag-cubeta","12":"product_tag-ecologico","14":"first","15":"instock","16":"featured","17":"taxable","18":"shipping-taxable","19":"purchasable","20":"product-type-simple"},"_links":{"self":[{"href":"https:\/\/www.festerroma.com.mx\/tienda\/wp-json\/wp\/v2\/product\/2183","targetHints":{"allow":["GET"]}}],"collection":[{"href":"https:\/\/www.festerroma.com.mx\/tienda\/wp-json\/wp\/v2\/product"}],"about":[{"href":"https:\/\/www.festerroma.com.mx\/tienda\/wp-json\/wp\/v2\/types\/product"}],"replies":[{"embeddable":true,"href":"https:\/\/www.festerroma.com.mx\/tienda\/wp-json\/wp\/v2\/comments?post=2183"}],"wp:featuredmedia":[{"embeddable":true,"href":"https:\/\/www.festerroma.com.mx\/tienda\/wp-json\/wp\/v2\/media\/2187"}],"wp:attachment":[{"href":"https:\/\/www.festerroma.com.mx\/tienda\/wp-json\/wp\/v2\/media?parent=2183"}],"wp:term":[{"taxonomy":"product_brand","embeddable":true,"href":"https:\/\/www.festerroma.com.mx\/tienda\/wp-json\/wp\/v2\/product_brand?post=2183"},{"taxonomy":"product_cat","embeddable":true,"href":"https:\/\/www.festerroma.com.mx\/tienda\/wp-json\/wp\/v2\/product_cat?post=2183"},{"taxonomy":"product_tag","embeddable":true,"href":"https:\/\/www.festerroma.com.mx\/tienda\/wp-json\/wp\/v2\/product_tag?post=2183"}],"curies":[{"name":"wp","href":"https:\/\/api.w.org\/{rel}","templated":true}]}}