{"id":2234,"date":"2024-06-18T17:02:06","date_gmt":"2024-06-18T23:02:06","guid":{"rendered":"https:\/\/www.festerroma.com.mx\/tienda\/?post_type=product&#038;p=2234"},"modified":"2026-02-09T19:38:17","modified_gmt":"2026-02-10T01:38:17","slug":"festermip-sbs-fv-3-5-rojo","status":"publish","type":"product","link":"https:\/\/www.festerroma.com.mx\/tienda\/festermip-sbs-fv-3-5-rojo\/","title":{"rendered":"FESTERMIP SBS FV 3.5 Rojo"},"content":{"rendered":"<div class=\"product__descriptionText\">\n<p>Prefabricado con acabado gravilla, de r\u00e1pida aplicaci\u00f3n, elaborado con asfalto modificado con SBS (Estireno Butadieno Estireno) y reforzado internamente con una membrana de fibra de vidrio.<\/p>\n<p>\u00a0<\/p>\n<p><b>NORMA<\/b><\/p>\n<ul>\n<li>NA<\/li>\n<\/ul>\n<p>\u00a0<\/p>\n<p><b>PRESENTACI\u00d3N<\/b><\/p>\n<ul>\n<li>Rollo de 10 x 1 m<\/li>\n<\/ul>\n<p>\u00a0<\/p>\n<p><b>USOS<\/b><\/p>\n<ul>\n<li>Como capa \u00fanica en un sistema impermeable prefabricado. Para superficies horizontales, inclinadas y verticales de concreto, etc.<\/li>\n<li>Ideal para techos de concreto con pocos detalles, predominantemente libres de obst\u00e1culos.<\/li>\n<li>Altamente efectivo en la Impermeabilizaci\u00f3n de techos de azoteas de concreto que tengan moderados movimientos.<\/li>\n<\/ul>\n<p>\u00a0<\/p>\n<p><b>RENDIMIENTO<\/b><\/p>\n<ul>\n<li>8.9 m2 por rollo.<\/li>\n<\/ul>\n<p>\u00a0<\/p>\n<p><b>VENTAJAS<\/b><\/p>\n<ul>\n<li>Con flexibilidad que le permite adaptarse a los movimientos estructurales sin perder su adherencia.<\/li>\n<li>Compatible con la mayor\u00eda de los sistemas constructivos.<\/li>\n<li>Buena resistencia al caminar ocasionalmente sobre el sistema.<\/li>\n<li>Resiste condiciones bajo tierra y\/o en contacto permanente con el agua y la humedad, lo que lo hace un impermeabilizante de gran eficacia en muros enterrados, charolas de ba\u00f1o, cimentaciones y dalas.<\/li>\n<li>Alto rango de desempe\u00f1o entre -18\u00b0C y los 105\u00b0C, por lo cual resulta id\u00f3neo para zonas con cambios dr\u00e1sticos de temperatura.<\/li>\n<li>La colocaci\u00f3n se realiza mediante termofusi\u00f3n en forma r\u00e1pida, limpia y segura.\u00a0<\/li>\n<\/ul>\n<\/div>\n<div class=\"product__benefits\">\n<p tabindex=\"-1\">\u00a0<\/p>\n<p id=\"beneficios-1\" class=\"product__benefitsTitle\" tabindex=\"-1\"><strong>BENEFICIOS<\/strong><\/p>\n<div class=\"product__benefitsList\">\n<ul>\n<li>Excelente durabilidad y resistencia<\/li>\n<li>Resiste pr\u00e1cticamente todo tipo de climas, pero sobre todo es altamente recomendado para condiciones donde prevalezcan las bajas temperaturas.<\/li>\n<li>Alto rendimiento en m\u00b2 \/ horas hombre.\u00a0<\/li>\n<\/ul>\n<\/div>\n<\/div>\n","protected":false},"excerpt":{"rendered":"<p>Manto Impermeable Prefabricado\u00a0<\/p>\n","protected":false},"featured_media":705,"comment_status":"open","ping_status":"closed","template":"","meta":{"_joinchat":[]},"product_brand":[],"product_cat":[65,70],"product_tag":[566,595],"class_list":{"0":"post-2234","1":"product","2":"type-product","3":"status-publish","4":"has-post-thumbnail","6":"product_cat-impermeabilizantes","7":"product_cat-mantos-impermeables-prefabricados","8":"product_tag-1-x-10-m-2","9":"product_tag-gravilla-roja","11":"first","12":"instock","13":"taxable","14":"shipping-taxable","15":"purchasable","16":"product-type-simple"},"_links":{"self":[{"href":"https:\/\/www.festerroma.com.mx\/tienda\/wp-json\/wp\/v2\/product\/2234","targetHints":{"allow":["GET"]}}],"collection":[{"href":"https:\/\/www.festerroma.com.mx\/tienda\/wp-json\/wp\/v2\/product"}],"about":[{"href":"https:\/\/www.festerroma.com.mx\/tienda\/wp-json\/wp\/v2\/types\/product"}],"replies":[{"embeddable":true,"href":"https:\/\/www.festerroma.com.mx\/tienda\/wp-json\/wp\/v2\/comments?post=2234"}],"wp:featuredmedia":[{"embeddable":true,"href":"https:\/\/www.festerroma.com.mx\/tienda\/wp-json\/wp\/v2\/media\/705"}],"wp:attachment":[{"href":"https:\/\/www.festerroma.com.mx\/tienda\/wp-json\/wp\/v2\/media?parent=2234"}],"wp:term":[{"taxonomy":"product_brand","embeddable":true,"href":"https:\/\/www.festerroma.com.mx\/tienda\/wp-json\/wp\/v2\/product_brand?post=2234"},{"taxonomy":"product_cat","embeddable":true,"href":"https:\/\/www.festerroma.com.mx\/tienda\/wp-json\/wp\/v2\/product_cat?post=2234"},{"taxonomy":"product_tag","embeddable":true,"href":"https:\/\/www.festerroma.com.mx\/tienda\/wp-json\/wp\/v2\/product_tag?post=2234"}],"curies":[{"name":"wp","href":"https:\/\/api.w.org\/{rel}","templated":true}]}}