{"id":2266,"date":"2025-02-11T19:17:45","date_gmt":"2025-02-12T01:17:45","guid":{"rendered":"https:\/\/www.festerroma.com.mx\/tienda\/?post_type=product&#038;p=2266"},"modified":"2026-02-09T19:38:21","modified_gmt":"2026-02-10T01:38:21","slug":"fester-superseal-sl","status":"publish","type":"product","link":"https:\/\/www.festerroma.com.mx\/tienda\/fester-superseal-sl\/","title":{"rendered":"Fester Superseal SL"},"content":{"rendered":"<div class=\"product__descriptionText\">\n<p>Sellador de poliuretano autonivelante, monocomponente de alto desempe\u00f1o, el cual cura en contacto con la humedad del aire formando un sello de alta adherencia y elasticidad.<\/p>\n<p>\u00a0<\/p>\n<p><b>USOS<\/b><\/p>\n<ul>\n<li>Juntas horizontales entre placas de concreto y diversos\u00a0materiales para la construcci\u00f3n<\/li>\n<li>Juntas de control de alto y mediano movimiento<\/li>\n<\/ul>\n<p>\u00a0<\/p>\n<p><b>RENDIMIENTO<\/b><\/p>\n<ul>\n<li>Cada litro de producto rinde 24.8 metros lineales en una junta de 6 mm x 6 mm<\/li>\n<\/ul>\n<p>\u00a0<\/p>\n<p><b>VENTAJAS<\/b><\/p>\n<ul>\n<li>Una vez seco, no pierde volumen<\/li>\n<li>R\u00e1pida y f\u00e1cil extrusi\u00f3n<\/li>\n<li>Multimateriales<\/li>\n<li>Es resistente a ambientes h\u00famedos y con salinidad<\/li>\n<\/ul>\n<p>\u00a0<\/p>\n<p><b>NORMA<\/b><\/p>\n<p>SCT N-CTR-CAR-1-04-009\/06<\/p>\n<p>\u00a0<\/p>\n<p><b>COLOR<\/b><\/p>\n<ul>\n<li>Gris<\/li>\n<\/ul>\n<p><b><br \/>PRESENTACI\u00d3N<\/b><\/p>\n<ul>\n<li>Cartucho 825ml\u00a0<\/li>\n<li>Cubeta 19L<\/li>\n<li>Tambor 208L<\/li>\n<\/ul>\n<\/div>\n<div class=\"product__benefits\">\n<p tabindex=\"-1\">\u00a0<\/p>\n<p id=\"beneficios-1\" class=\"product__benefitsTitle\" tabindex=\"-1\"><strong>BENEFICIOS<\/strong><\/p>\n<div class=\"product__benefitsList\">\n<ul>\n<li>Sellador autonivelante para juntas interiores y exteriores.<\/li>\n<li>Excelente adherencia a diversos materiales de construcci\u00f3n.<\/li>\n<li>Facilita la aplicaci\u00f3n, obteniendo un excelente llenado de la junta.<\/li>\n<\/ul>\n<\/div>\n<\/div>\n","protected":false},"excerpt":{"rendered":"<p>Sellador de poliuretano autonivelante<\/p>\n","protected":false},"featured_media":840,"comment_status":"open","ping_status":"closed","template":"","meta":{"_joinchat":[]},"product_brand":[],"product_cat":[87,78],"product_tag":[529,527],"class_list":{"0":"post-2266","1":"product","2":"type-product","3":"status-publish","4":"has-post-thumbnail","6":"product_cat-fester-superseal-sl","7":"product_cat-selladores-y-resanadores","8":"product_tag-825-ml","9":"product_tag-cartucho","11":"first","12":"instock","13":"taxable","14":"shipping-taxable","15":"purchasable","16":"product-type-simple"},"_links":{"self":[{"href":"https:\/\/www.festerroma.com.mx\/tienda\/wp-json\/wp\/v2\/product\/2266","targetHints":{"allow":["GET"]}}],"collection":[{"href":"https:\/\/www.festerroma.com.mx\/tienda\/wp-json\/wp\/v2\/product"}],"about":[{"href":"https:\/\/www.festerroma.com.mx\/tienda\/wp-json\/wp\/v2\/types\/product"}],"replies":[{"embeddable":true,"href":"https:\/\/www.festerroma.com.mx\/tienda\/wp-json\/wp\/v2\/comments?post=2266"}],"wp:featuredmedia":[{"embeddable":true,"href":"https:\/\/www.festerroma.com.mx\/tienda\/wp-json\/wp\/v2\/media\/840"}],"wp:attachment":[{"href":"https:\/\/www.festerroma.com.mx\/tienda\/wp-json\/wp\/v2\/media?parent=2266"}],"wp:term":[{"taxonomy":"product_brand","embeddable":true,"href":"https:\/\/www.festerroma.com.mx\/tienda\/wp-json\/wp\/v2\/product_brand?post=2266"},{"taxonomy":"product_cat","embeddable":true,"href":"https:\/\/www.festerroma.com.mx\/tienda\/wp-json\/wp\/v2\/product_cat?post=2266"},{"taxonomy":"product_tag","embeddable":true,"href":"https:\/\/www.festerroma.com.mx\/tienda\/wp-json\/wp\/v2\/product_tag?post=2266"}],"curies":[{"name":"wp","href":"https:\/\/api.w.org\/{rel}","templated":true}]}}