{"id":2279,"date":"2025-09-16T11:55:20","date_gmt":"2025-09-16T17:55:20","guid":{"rendered":"https:\/\/www.festerroma.com.mx\/tienda\/?post_type=product&#038;p=2279"},"modified":"2026-02-09T18:06:45","modified_gmt":"2026-02-10T00:06:45","slug":"fester-a-5-fibratado-2","status":"publish","type":"product","link":"https:\/\/www.festerroma.com.mx\/tienda\/fester-a-5-fibratado-2\/","title":{"rendered":"FESTER A 5 FIBRATADO"},"content":{"rendered":"<div class=\"product__descriptionText\">\n<div class=\"product__descriptionText\">\n<h3><a href=\"https:\/\/dm.henkel-dam.com\/is\/content\/henkel\/mx-ft-fester-a-impermeabilizante-acrilico\" target=\"_blank\" rel=\"noopener\">Fester A 5 Fibratado<\/a><\/h3>\n<p>Es un impermeabilizante elastom\u00e9rico que debido a su tecnolog\u00eda de r\u00e1pido secado, permite hacer la impermeabilizaci\u00f3n completa en un solo d\u00eda. Es elaborado a base de resinas acr\u00edlicas, pigmentos inorg\u00e1nicos, agregados minerales y aditivos especiales que le proporcionan secado r\u00e1pido, excelentes caracter\u00edsticas de impermeabilidad, resistencia a rayos UV, adherencia en superficie h\u00fameda, etc. <b>USOS<\/b><\/p>\n<ul>\n<li>Para impermeabilizar lozas de concreto planas o inclinadas asi como techumbre de l\u00e1mina o fibrocemento.<\/li>\n<li>Para dar mantenimiento a sistemas envejecidos.<\/li>\n<\/ul>\n<p><b>DURABILIDAD<\/b><\/p>\n<ul>\n<li>3 a\u00f1os<\/li>\n<li>5 a\u00f1os<\/li>\n<li>7 a\u00f1os<\/li>\n<\/ul>\n<p><b>COLOR<\/b> Blanco y Rojo<\/p>\n<\/div>\n<div><\/div>\n<div class=\"product__descriptionText\">\n<p><a href=\"https:\/\/www.festerroma.com.mx\/tienda\/product-category\/impermeabilizantes\/acrilicos\/\" target=\"_blank\" rel=\"noopener\"><b>PRESENTACIONES<\/b><\/a><\/p>\n<ul>\n<li>3 a\u00f1os: Cubeta 4L y cubeta 19L<\/li>\n<li>5 a\u00f1os: Cubeta 4L y cubeta 19L<\/li>\n<li>7 a\u00f1os: Cubeta 19L<\/li>\n<\/ul>\n<p><b>NORMA<\/b><\/p>\n<ul>\n<li>Cumple con las Normas: NMX-C-450-ONNCCE<\/li>\n<li>Certificado bajo la Norma: NOM-18-ENER-2011<\/li>\n<\/ul>\n<\/div>\n<div class=\"product__benefits\">\n<p id=\"beneficios-1\" class=\"product__benefitsTitle\" tabindex=\"-1\"><strong>BENEFICIOS<\/strong><\/p>\n<div class=\"product__benefitsList\">\n<ul>\n<li>Secado r\u00e1pido en (3 horas)*<\/li>\n<li>Resiste lluvia 3 horas despu\u00e9s de aplicado.<\/li>\n<li>Por su reflectividad en color blanco ayuda a reducir la temperatura de los interiores**<\/li>\n<\/ul>\n<h4><\/h4>\n<h4>OBSERVACIONES<\/h4>\n<p>* El tiempo referido es en condiciones controladas del laboratorio. **Reflectividad medida a trav\u00e9s del m\u00e9todo<\/p>\n<\/div>\n<\/div>\n<div><\/div>\n<div>Nuestros impermeabilizantes acr\u00edlicos elastom\u00e9ricos base agua est\u00e1n fabricados con pol\u00edmeros acr\u00edlicos de \u00faltima generaci\u00f3n, pigmentos inorg\u00e1nicos, agregados minerales y aditivos especiales que le proporcionan caracter\u00edsticas de impermeabilidad, secado r\u00e1pido, adherencia a diferentes sustratos, resistencia a rayos UV que permite reducir la temperatura de los interiores*, entre otras.<\/div>\n<\/div>\n","protected":false},"excerpt":{"rendered":"<p>Impermeabilizante elastom\u00e9rico base agua permite hacer la impermeabilizaci\u00f3n completa en un solo d\u00eda.<\/p>\n","protected":false},"featured_media":1977,"comment_status":"open","ping_status":"closed","template":"","meta":{"_joinchat":[]},"product_brand":[],"product_cat":[66,65],"product_tag":[442,103,102,542],"class_list":{"0":"post-2279","1":"product","2":"type-product","3":"status-publish","4":"has-post-thumbnail","6":"product_cat-acrilicos","7":"product_cat-impermeabilizantes","8":"product_tag-19l","9":"product_tag-5-anos","10":"product_tag-blanco","11":"product_tag-fibratado","13":"first","14":"instock","15":"featured","16":"taxable","17":"shipping-taxable","18":"purchasable","19":"product-type-simple"},"_links":{"self":[{"href":"https:\/\/www.festerroma.com.mx\/tienda\/wp-json\/wp\/v2\/product\/2279","targetHints":{"allow":["GET"]}}],"collection":[{"href":"https:\/\/www.festerroma.com.mx\/tienda\/wp-json\/wp\/v2\/product"}],"about":[{"href":"https:\/\/www.festerroma.com.mx\/tienda\/wp-json\/wp\/v2\/types\/product"}],"replies":[{"embeddable":true,"href":"https:\/\/www.festerroma.com.mx\/tienda\/wp-json\/wp\/v2\/comments?post=2279"}],"wp:featuredmedia":[{"embeddable":true,"href":"https:\/\/www.festerroma.com.mx\/tienda\/wp-json\/wp\/v2\/media\/1977"}],"wp:attachment":[{"href":"https:\/\/www.festerroma.com.mx\/tienda\/wp-json\/wp\/v2\/media?parent=2279"}],"wp:term":[{"taxonomy":"product_brand","embeddable":true,"href":"https:\/\/www.festerroma.com.mx\/tienda\/wp-json\/wp\/v2\/product_brand?post=2279"},{"taxonomy":"product_cat","embeddable":true,"href":"https:\/\/www.festerroma.com.mx\/tienda\/wp-json\/wp\/v2\/product_cat?post=2279"},{"taxonomy":"product_tag","embeddable":true,"href":"https:\/\/www.festerroma.com.mx\/tienda\/wp-json\/wp\/v2\/product_tag?post=2279"}],"curies":[{"name":"wp","href":"https:\/\/api.w.org\/{rel}","templated":true}]}}