{"id":2281,"date":"2025-09-16T12:02:06","date_gmt":"2025-09-16T18:02:06","guid":{"rendered":"https:\/\/www.festerroma.com.mx\/tienda\/?post_type=product&#038;p=2281"},"modified":"2026-02-09T18:06:43","modified_gmt":"2026-02-10T00:06:43","slug":"fester-acriton-fachadas-liso-copy","status":"publish","type":"product","link":"https:\/\/www.festerroma.com.mx\/tienda\/fester-acriton-fachadas-liso-copy\/","title":{"rendered":"FESTER ACRITON FACHADAS LISO (Copy)"},"content":{"rendered":"<div class=\"product__descriptionText\">\n<h3><a href=\"https:\/\/dm.henkel-dam.com\/is\/content\/henkel\/Fester-Acriton-Fachadas-Liso-mx\" target=\"_blank\" rel=\"noopener\"><b>Fester Acriton Fachadas Liso<\/b><\/a><\/h3>\n<p><strong>CARACTER\u00cdSTICAS<\/strong><\/p>\n<p>Impermeabilizante acr\u00edlico base agua y de acabado rugoso elaborado con resinas acr\u00edlicas, pigmentos inorg\u00e1nicos, agregados minerales y aditivos de primera calidad. El producto est\u00e1 dise\u00f1ado con la viscosidad ideal para cubrir fisuras en las superficies de muros y fachadas.<\/p>\n<p><strong>USOS<\/strong><br \/>\nPara impermeabilizar fachadas, muros de colindancia y pretiles de azotea.<br \/>\nSe puede aplicar sobre materiales de tabique, ladrillo, block (bloque), concreto, placas prefabricadas, entre otras.<br \/>\nSe puede aplicar sobre recubrimientos como: aplanados, texturas y pinturas bien adheridas.<\/p>\n<p><strong>RENDIMIENTO<\/strong><br \/>\n1 m\u00b2\/L en una capa<\/p>\n<p><strong>VENTAJAS<\/strong><br \/>\nProtege, decora e impermeabiliza fachadas al mismo tiempo.<br \/>\nCubre fisuras de hasta 1.5 mm. de amplitud sin necesidad de resane.<br \/>\nResiste ambiente salinos y h\u00famedos.<br \/>\nEn color blanco, permite reflejar un alto porcentaje de los rayos solares, logrando obtener ambientes frescos en los interiores.<\/p>\n<p><strong>NORMA<\/strong><br \/>\nReflectancia solar ASTM C 1549<br \/>\nEmitancia ASTM C 1371 (m\u00e9todos)<\/p>\n<p><a href=\"https:\/\/www.festerroma.com.mx\/tienda\/?s=Fester+rugoso&amp;post_type=product\" target=\"_blank\" rel=\"noopener\"><strong>PRESENTACI\u00d3N<\/strong><\/a><br \/>\nCubeta 19L<\/p>\n<p><strong>BENEFICIOS<\/strong><\/p>\n<p>Cubre fisuras y grietas hasta de 1.5 Mm.<br \/>\nAyuda a proteger las superficies contra rayos UV<br \/>\nResiste ambientes salinos y h\u00famedos<\/p>\n<\/div>\n","protected":false},"excerpt":{"rendered":"<p>Fester Acriton Fachadas Liso Blanco es un Impermeabilizante acr\u00edlico para fachadas<\/p>\n","protected":false},"featured_media":577,"comment_status":"open","ping_status":"closed","template":"","meta":{"_joinchat":[]},"product_brand":[],"product_cat":[66,65],"product_tag":[95,573,96],"class_list":{"0":"post-2281","1":"product","2":"type-product","3":"status-publish","4":"has-post-thumbnail","6":"product_cat-acrilicos","7":"product_cat-impermeabilizantes","8":"product_tag-19-l","9":"product_tag-fachadas","10":"product_tag-liso","12":"first","13":"instock","14":"featured","15":"taxable","16":"shipping-taxable","17":"purchasable","18":"product-type-simple"},"_links":{"self":[{"href":"https:\/\/www.festerroma.com.mx\/tienda\/wp-json\/wp\/v2\/product\/2281","targetHints":{"allow":["GET"]}}],"collection":[{"href":"https:\/\/www.festerroma.com.mx\/tienda\/wp-json\/wp\/v2\/product"}],"about":[{"href":"https:\/\/www.festerroma.com.mx\/tienda\/wp-json\/wp\/v2\/types\/product"}],"replies":[{"embeddable":true,"href":"https:\/\/www.festerroma.com.mx\/tienda\/wp-json\/wp\/v2\/comments?post=2281"}],"wp:featuredmedia":[{"embeddable":true,"href":"https:\/\/www.festerroma.com.mx\/tienda\/wp-json\/wp\/v2\/media\/577"}],"wp:attachment":[{"href":"https:\/\/www.festerroma.com.mx\/tienda\/wp-json\/wp\/v2\/media?parent=2281"}],"wp:term":[{"taxonomy":"product_brand","embeddable":true,"href":"https:\/\/www.festerroma.com.mx\/tienda\/wp-json\/wp\/v2\/product_brand?post=2281"},{"taxonomy":"product_cat","embeddable":true,"href":"https:\/\/www.festerroma.com.mx\/tienda\/wp-json\/wp\/v2\/product_cat?post=2281"},{"taxonomy":"product_tag","embeddable":true,"href":"https:\/\/www.festerroma.com.mx\/tienda\/wp-json\/wp\/v2\/product_tag?post=2281"}],"curies":[{"name":"wp","href":"https:\/\/api.w.org\/{rel}","templated":true}]}}